{"id":6371,"date":"2023-05-15T09:34:07","date_gmt":"2023-05-15T09:34:07","guid":{"rendered":"https:\/\/www.wowcontentproduction.com\/?page_id=6371"},"modified":"2023-10-18T09:16:17","modified_gmt":"2023-10-18T09:16:17","slug":"reference-animacio","status":"publish","type":"page","link":"https:\/\/www.wowcontentproduction.com\/en\/reference-animacio\/","title":{"rendered":"Reference animation"},"content":{"rendered":"<div data-elementor-type=\"wp-page\" data-elementor-id=\"6371\" class=\"elementor elementor-6371\" data-elementor-post-type=\"page\">\n\t\t\t\t\t\t<section data-dce-background-overlay-image-url=\"https:\/\/www.wowcontentproduction.com\/wp-content\/uploads\/2023\/01\/Gradient-logo-pattern-v2.png\" class=\"elementor-section elementor-top-section elementor-element elementor-element-de6eaab elementor-section-boxed elementor-section-height-default elementor-section-height-default\" data-id=\"de6eaab\" data-element_type=\"section\">\n\t\t\t\t\t\t\t<div class=\"elementor-background-overlay\"><\/div>\n\t\t\t\t\t\t\t<div class=\"elementor-container elementor-column-gap-default\">\n\t\t\t\t\t<div class=\"elementor-column elementor-col-100 elementor-top-column elementor-element elementor-element-1cb3075\" data-id=\"1cb3075\" data-element_type=\"column\">\n\t\t\t<div class=\"elementor-widget-wrap elementor-element-populated\">\n\t\t\t\t\t\t<div class=\"elementor-element elementor-element-7b0687b elementor-widget elementor-widget-spacer\" data-id=\"7b0687b\" data-element_type=\"widget\" data-widget_type=\"spacer.default\">\n\t\t\t\t<div class=\"elementor-widget-container\">\n\t\t\t\t\t\t\t<div class=\"elementor-spacer\">\n\t\t\t<div class=\"elementor-spacer-inner\"><\/div>\n\t\t<\/div>\n\t\t\t\t\t\t<\/div>\n\t\t\t\t<\/div>\n\t\t\t\t<div data-dce-text-color=\"#1D1D1F\" class=\"elementor-element elementor-element-6e8a25a animated-slow elementor-invisible elementor-widget elementor-widget-text-editor\" data-id=\"6e8a25a\" data-element_type=\"widget\" data-settings=\"{&quot;_animation&quot;:&quot;fadeIn&quot;,&quot;_animation_delay&quot;:3000}\" data-widget_type=\"text-editor.default\">\n\t\t\t\t<div class=\"elementor-widget-container\">\n\t\t\t\t\t\t\t\t\t<p>After a long analysis and reflection, we have created version 1.0 of our reference centre, an expression of our transparency!<\/p><p>The site will be constantly updated and enriched to give our clients the most complete picture of our work!<\/p>\t\t\t\t\t\t\t\t<\/div>\n\t\t\t\t<\/div>\n\t\t\t\t<div class=\"elementor-element elementor-element-6ac904a dce_masking-none elementor-widget elementor-widget-image\" data-id=\"6ac904a\" data-element_type=\"widget\" data-widget_type=\"image.default\">\n\t\t\t\t<div class=\"elementor-widget-container\">\n\t\t\t\t\t<div class=\"dce-animations\">\t\t\t\t\t\t\t\t\t\t\t<a href=\"https:\/\/www.wowcontentproduction.com\/en\/reference-co-point\/\">\n\t\t\t\t\t\t\t<img fetchpriority=\"high\" decoding=\"async\" width=\"1024\" height=\"683\" src=\"https:\/\/www.wowcontentproduction.com\/wp-content\/uploads\/2023\/05\/laptop-muckup-ref-1-1024x683.png\" class=\"attachment-large size-large wp-image-7663\" alt=\"\" srcset=\"https:\/\/www.wowcontentproduction.com\/wp-content\/uploads\/2023\/05\/laptop-muckup-ref-1-1024x683.png 1024w, https:\/\/www.wowcontentproduction.com\/wp-content\/uploads\/2023\/05\/laptop-muckup-ref-1-300x200.png 300w, https:\/\/www.wowcontentproduction.com\/wp-content\/uploads\/2023\/05\/laptop-muckup-ref-1-768x512.png 768w, https:\/\/www.wowcontentproduction.com\/wp-content\/uploads\/2023\/05\/laptop-muckup-ref-1-1536x1024.png 1536w, https:\/\/www.wowcontentproduction.com\/wp-content\/uploads\/2023\/05\/laptop-muckup-ref-1-2048x1365.png 2048w, https:\/\/www.wowcontentproduction.com\/wp-content\/uploads\/2023\/05\/laptop-muckup-ref-1-18x12.png 18w\" sizes=\"(max-width: 1024px) 100vw, 1024px\" \/>\t\t\t\t\t\t\t\t<\/a>\n\t\t\t\t\t\t\t\t\t\t\t<\/div>\t\t\t\t<\/div>\n\t\t\t\t<\/div>\n\t\t\t\t<div class=\"elementor-element elementor-element-6e697ae elementor-widget elementor-widget-spacer\" data-id=\"6e697ae\" data-element_type=\"widget\" data-widget_type=\"spacer.default\">\n\t\t\t\t<div class=\"elementor-widget-container\">\n\t\t\t\t\t\t\t<div class=\"elementor-spacer\">\n\t\t\t<div class=\"elementor-spacer-inner\"><\/div>\n\t\t<\/div>\n\t\t\t\t\t\t<\/div>\n\t\t\t\t<\/div>\n\t\t\t\t\t<\/div>\n\t\t<\/div>\n\t\t\t\t\t<\/div>\n\t\t<\/section>\n\t\t\t\t<\/div>","protected":false},"excerpt":{"rendered":"<p>After a long analysis and reflection, we have created version 1.0 of our reference centre, an expression of our transparency! The site will be constantly updated and enriched to give our clients the most complete picture of our work!<\/p>","protected":false},"author":1,"featured_media":0,"parent":0,"menu_order":0,"comment_status":"closed","ping_status":"closed","template":"elementor_header_footer","meta":{"site-sidebar-layout":"no-sidebar","site-content-layout":"page-builder","ast-site-content-layout":"","site-content-style":"default","site-sidebar-style":"default","ast-global-header-display":"","ast-banner-title-visibility":"","ast-main-header-display":"","ast-hfb-above-header-display":"","ast-hfb-below-header-display":"","ast-hfb-mobile-header-display":"","site-post-title":"","ast-breadcrumbs-content":"","ast-featured-img":"disabled","footer-sml-layout":"","theme-transparent-header-meta":"","adv-header-id-meta":"","stick-header-meta":"","header-above-stick-meta":"","header-main-stick-meta":"","header-below-stick-meta":"","astra-migrate-meta-layouts":"default","ast-page-background-enabled":"default","ast-page-background-meta":{"desktop":{"background-color":"var(--ast-global-color-4)","background-image":"","background-repeat":"repeat","background-position":"center center","background-size":"auto","background-attachment":"scroll","background-type":"","background-media":"","overlay-type":"","overlay-color":"","overlay-opacity":"","overlay-gradient":""},"tablet":{"background-color":"","background-image":"","background-repeat":"repeat","background-position":"center center","background-size":"auto","background-attachment":"scroll","background-type":"","background-media":"","overlay-type":"","overlay-color":"","overlay-opacity":"","overlay-gradient":""},"mobile":{"background-color":"","background-image":"","background-repeat":"repeat","background-position":"center center","background-size":"auto","background-attachment":"scroll","background-type":"","background-media":"","overlay-type":"","overlay-color":"","overlay-opacity":"","overlay-gradient":""}},"ast-content-background-meta":{"desktop":{"background-color":"var(--ast-global-color-5)","background-image":"","background-repeat":"repeat","background-position":"center center","background-size":"auto","background-attachment":"scroll","background-type":"","background-media":"","overlay-type":"","overlay-color":"","overlay-opacity":"","overlay-gradient":""},"tablet":{"background-color":"var(--ast-global-color-5)","background-image":"","background-repeat":"repeat","background-position":"center center","background-size":"auto","background-attachment":"scroll","background-type":"","background-media":"","overlay-type":"","overlay-color":"","overlay-opacity":"","overlay-gradient":""},"mobile":{"background-color":"var(--ast-global-color-5)","background-image":"","background-repeat":"repeat","background-position":"center center","background-size":"auto","background-attachment":"scroll","background-type":"","background-media":"","overlay-type":"","overlay-color":"","overlay-opacity":"","overlay-gradient":""}},"footnotes":""},"class_list":["post-6371","page","type-page","status-publish","hentry"],"yoast_head":"<!-- This site is optimized with the Yoast SEO Premium plugin v26.2 (Yoast SEO v26.3) - https:\/\/yoast.com\/wordpress\/plugins\/seo\/ -->\n<title>Referencia | Wow Content Production<\/title>\n<meta name=\"description\" content=\"Fedezd fel sikeres referenci\u00e1inkat, amelyek seg\u00edthetnek \u00f6tletek mer\u00edt\u00e9s\u00e9ben \u00e9s kreat\u00edv megold\u00e1sok kidolgoz\u00e1s\u00e1ban!\" \/>\n<meta name=\"robots\" content=\"index, follow, max-snippet:-1, max-image-preview:large, max-video-preview:-1\" \/>\n<link rel=\"canonical\" href=\"https:\/\/www.wowcontentproduction.com\/en\/reference-animacio\/\" \/>\n<meta property=\"og:locale\" content=\"en_GB\" \/>\n<meta property=\"og:type\" content=\"article\" \/>\n<meta property=\"og:title\" content=\"Referencia anim\u00e1ci\u00f3\" \/>\n<meta property=\"og:description\" content=\"Fedezd fel sikeres referenci\u00e1inkat, amelyek seg\u00edthetnek \u00f6tletek mer\u00edt\u00e9s\u00e9ben \u00e9s kreat\u00edv megold\u00e1sok kidolgoz\u00e1s\u00e1ban!\" \/>\n<meta property=\"og:url\" content=\"https:\/\/www.wowcontentproduction.com\/en\/reference-animacio\/\" \/>\n<meta property=\"og:site_name\" content=\"Wow Content Production\" \/>\n<meta property=\"article:modified_time\" content=\"2023-10-18T09:16:17+00:00\" \/>\n<meta property=\"og:image\" content=\"https:\/\/www.wowcontentproduction.com\/wp-content\/uploads\/2023\/05\/laptop-muckup-ref-1-1024x683.png\" \/>\n<meta name=\"twitter:card\" content=\"summary_large_image\" \/>\n<meta name=\"twitter:label1\" content=\"Estimated reading time\" \/>\n\t<meta name=\"twitter:data1\" content=\"1 minute\" \/>\n<script type=\"application\/ld+json\" class=\"yoast-schema-graph\">{\"@context\":\"https:\/\/schema.org\",\"@graph\":[{\"@type\":\"WebPage\",\"@id\":\"https:\/\/www.wowcontentproduction.com\/referencia-animacio\/\",\"url\":\"https:\/\/www.wowcontentproduction.com\/referencia-animacio\/\",\"name\":\"Referencia | Wow Content Production\",\"isPartOf\":{\"@id\":\"https:\/\/www.wowcontentproduction.com\/#website\"},\"primaryImageOfPage\":{\"@id\":\"https:\/\/www.wowcontentproduction.com\/referencia-animacio\/#primaryimage\"},\"image\":{\"@id\":\"https:\/\/www.wowcontentproduction.com\/referencia-animacio\/#primaryimage\"},\"thumbnailUrl\":\"https:\/\/www.wowcontentproduction.com\/wp-content\/uploads\/2023\/05\/laptop-muckup-ref-1-1024x683.png\",\"datePublished\":\"2023-05-15T09:34:07+00:00\",\"dateModified\":\"2023-10-18T09:16:17+00:00\",\"description\":\"Fedezd fel sikeres referenci\u00e1inkat, amelyek seg\u00edthetnek \u00f6tletek mer\u00edt\u00e9s\u00e9ben \u00e9s kreat\u00edv megold\u00e1sok kidolgoz\u00e1s\u00e1ban!\",\"breadcrumb\":{\"@id\":\"https:\/\/www.wowcontentproduction.com\/referencia-animacio\/#breadcrumb\"},\"inLanguage\":\"en-GB\",\"potentialAction\":[{\"@type\":\"ReadAction\",\"target\":[\"https:\/\/www.wowcontentproduction.com\/referencia-animacio\/\"]}]},{\"@type\":\"ImageObject\",\"inLanguage\":\"en-GB\",\"@id\":\"https:\/\/www.wowcontentproduction.com\/referencia-animacio\/#primaryimage\",\"url\":\"https:\/\/www.wowcontentproduction.com\/wp-content\/uploads\/2023\/05\/laptop-muckup-ref-1-1024x683.png\",\"contentUrl\":\"https:\/\/www.wowcontentproduction.com\/wp-content\/uploads\/2023\/05\/laptop-muckup-ref-1-1024x683.png\"},{\"@type\":\"BreadcrumbList\",\"@id\":\"https:\/\/www.wowcontentproduction.com\/referencia-animacio\/#breadcrumb\",\"itemListElement\":[{\"@type\":\"ListItem\",\"position\":1,\"name\":\"Home\",\"item\":\"https:\/\/www.wowcontentproduction.com\/\"},{\"@type\":\"ListItem\",\"position\":2,\"name\":\"Referencia anim\u00e1ci\u00f3\"}]},{\"@type\":\"WebSite\",\"@id\":\"https:\/\/www.wowcontentproduction.com\/#website\",\"url\":\"https:\/\/www.wowcontentproduction.com\/\",\"name\":\"Wow Content Production\",\"description\":\"Film, Media, Marketing\",\"publisher\":{\"@id\":\"https:\/\/www.wowcontentproduction.com\/#organization\"},\"potentialAction\":[{\"@type\":\"SearchAction\",\"target\":{\"@type\":\"EntryPoint\",\"urlTemplate\":\"https:\/\/www.wowcontentproduction.com\/?s={search_term_string}\"},\"query-input\":{\"@type\":\"PropertyValueSpecification\",\"valueRequired\":true,\"valueName\":\"search_term_string\"}}],\"inLanguage\":\"en-GB\"},{\"@type\":\"Organization\",\"@id\":\"https:\/\/www.wowcontentproduction.com\/#organization\",\"name\":\"Wow Content Production\",\"url\":\"https:\/\/www.wowcontentproduction.com\/\",\"logo\":{\"@type\":\"ImageObject\",\"inLanguage\":\"en-GB\",\"@id\":\"https:\/\/www.wowcontentproduction.com\/#\/schema\/logo\/image\/\",\"url\":\"https:\/\/www.wowcontentproduction.com\/wp-content\/uploads\/2022\/09\/base_logo_transparent_background.png\",\"contentUrl\":\"https:\/\/www.wowcontentproduction.com\/wp-content\/uploads\/2022\/09\/base_logo_transparent_background.png\",\"width\":3125,\"height\":1875,\"caption\":\"Wow Content Production\"},\"image\":{\"@id\":\"https:\/\/www.wowcontentproduction.com\/#\/schema\/logo\/image\/\"}}]}<\/script>\n<!-- \/ Yoast SEO Premium plugin. -->","yoast_head_json":{"title":"Reference | Wow Content Production","description":"Discover our successful references that can help you get ideas and develop creative solutions!","robots":{"index":"index","follow":"follow","max-snippet":"max-snippet:-1","max-image-preview":"max-image-preview:large","max-video-preview":"max-video-preview:-1"},"canonical":"https:\/\/www.wowcontentproduction.com\/en\/reference-animacio\/","og_locale":"en_GB","og_type":"article","og_title":"Referencia anim\u00e1ci\u00f3","og_description":"Fedezd fel sikeres referenci\u00e1inkat, amelyek seg\u00edthetnek \u00f6tletek mer\u00edt\u00e9s\u00e9ben \u00e9s kreat\u00edv megold\u00e1sok kidolgoz\u00e1s\u00e1ban!","og_url":"https:\/\/www.wowcontentproduction.com\/en\/reference-animacio\/","og_site_name":"Wow Content Production","article_modified_time":"2023-10-18T09:16:17+00:00","og_image":[{"url":"https:\/\/www.wowcontentproduction.com\/wp-content\/uploads\/2023\/05\/laptop-muckup-ref-1-1024x683.png","type":"","width":"","height":""}],"twitter_card":"summary_large_image","twitter_misc":{"Estimated reading time":"1 minute"},"schema":{"@context":"https:\/\/schema.org","@graph":[{"@type":"WebPage","@id":"https:\/\/www.wowcontentproduction.com\/referencia-animacio\/","url":"https:\/\/www.wowcontentproduction.com\/referencia-animacio\/","name":"Reference | Wow Content Production","isPartOf":{"@id":"https:\/\/www.wowcontentproduction.com\/#website"},"primaryImageOfPage":{"@id":"https:\/\/www.wowcontentproduction.com\/referencia-animacio\/#primaryimage"},"image":{"@id":"https:\/\/www.wowcontentproduction.com\/referencia-animacio\/#primaryimage"},"thumbnailUrl":"https:\/\/www.wowcontentproduction.com\/wp-content\/uploads\/2023\/05\/laptop-muckup-ref-1-1024x683.png","datePublished":"2023-05-15T09:34:07+00:00","dateModified":"2023-10-18T09:16:17+00:00","description":"Discover our successful references that can help you get ideas and develop creative solutions!","breadcrumb":{"@id":"https:\/\/www.wowcontentproduction.com\/referencia-animacio\/#breadcrumb"},"inLanguage":"en-GB","potentialAction":[{"@type":"ReadAction","target":["https:\/\/www.wowcontentproduction.com\/referencia-animacio\/"]}]},{"@type":"ImageObject","inLanguage":"en-GB","@id":"https:\/\/www.wowcontentproduction.com\/referencia-animacio\/#primaryimage","url":"https:\/\/www.wowcontentproduction.com\/wp-content\/uploads\/2023\/05\/laptop-muckup-ref-1-1024x683.png","contentUrl":"https:\/\/www.wowcontentproduction.com\/wp-content\/uploads\/2023\/05\/laptop-muckup-ref-1-1024x683.png"},{"@type":"BreadcrumbList","@id":"https:\/\/www.wowcontentproduction.com\/referencia-animacio\/#breadcrumb","itemListElement":[{"@type":"ListItem","position":1,"name":"Home","item":"https:\/\/www.wowcontentproduction.com\/"},{"@type":"ListItem","position":2,"name":"Referencia anim\u00e1ci\u00f3"}]},{"@type":"WebSite","@id":"https:\/\/www.wowcontentproduction.com\/#website","url":"https:\/\/www.wowcontentproduction.com\/","name":"Wow Content Production","description":"Film, Media, Marketing","publisher":{"@id":"https:\/\/www.wowcontentproduction.com\/#organization"},"potentialAction":[{"@type":"SearchAction","target":{"@type":"EntryPoint","urlTemplate":"https:\/\/www.wowcontentproduction.com\/?s={search_term_string}"},"query-input":{"@type":"PropertyValueSpecification","valueRequired":true,"valueName":"search_term_string"}}],"inLanguage":"en-GB"},{"@type":"Organization","@id":"https:\/\/www.wowcontentproduction.com\/#organization","name":"Wow Content Production","url":"https:\/\/www.wowcontentproduction.com\/","logo":{"@type":"ImageObject","inLanguage":"en-GB","@id":"https:\/\/www.wowcontentproduction.com\/#\/schema\/logo\/image\/","url":"https:\/\/www.wowcontentproduction.com\/wp-content\/uploads\/2022\/09\/base_logo_transparent_background.png","contentUrl":"https:\/\/www.wowcontentproduction.com\/wp-content\/uploads\/2022\/09\/base_logo_transparent_background.png","width":3125,"height":1875,"caption":"Wow Content Production"},"image":{"@id":"https:\/\/www.wowcontentproduction.com\/#\/schema\/logo\/image\/"}}]}},"_links":{"self":[{"href":"https:\/\/www.wowcontentproduction.com\/en\/wp-json\/wp\/v2\/pages\/6371","targetHints":{"allow":["GET"]}}],"collection":[{"href":"https:\/\/www.wowcontentproduction.com\/en\/wp-json\/wp\/v2\/pages"}],"about":[{"href":"https:\/\/www.wowcontentproduction.com\/en\/wp-json\/wp\/v2\/types\/page"}],"author":[{"embeddable":true,"href":"https:\/\/www.wowcontentproduction.com\/en\/wp-json\/wp\/v2\/users\/1"}],"replies":[{"embeddable":true,"href":"https:\/\/www.wowcontentproduction.com\/en\/wp-json\/wp\/v2\/comments?post=6371"}],"version-history":[{"count":80,"href":"https:\/\/www.wowcontentproduction.com\/en\/wp-json\/wp\/v2\/pages\/6371\/revisions"}],"predecessor-version":[{"id":8844,"href":"https:\/\/www.wowcontentproduction.com\/en\/wp-json\/wp\/v2\/pages\/6371\/revisions\/8844"}],"wp:attachment":[{"href":"https:\/\/www.wowcontentproduction.com\/en\/wp-json\/wp\/v2\/media?parent=6371"}],"curies":[{"name":"wp","href":"https:\/\/api.w.org\/{rel}","templated":true}]}}