{"id":2144,"date":"2022-09-19T15:57:49","date_gmt":"2022-09-19T15:57:49","guid":{"rendered":"https:\/\/www.wowcontentproduction.com\/?page_id=2144"},"modified":"2023-10-18T09:01:06","modified_gmt":"2023-10-18T09:01:06","slug":"level","status":"publish","type":"page","link":"https:\/\/www.wowcontentproduction.com\/en\/level\/","title":{"rendered":"Newsletter"},"content":{"rendered":"<div data-elementor-type=\"wp-page\" data-elementor-id=\"2144\" class=\"elementor elementor-2144\" data-elementor-post-type=\"page\">\n\t\t\t\t\t\t<section data-dce-background-color=\"#FFFFFF\" data-dce-background-overlay-color=\"#FFFFFF\" data-dce-background-overlay-image-url=\"https:\/\/www.wowcontentproduction.com\/wp-content\/uploads\/2022\/09\/y_abstract_background.png\" class=\"elementor-section elementor-top-section elementor-element elementor-element-c71ce92 elementor-section-height-min-height elementor-section-boxed elementor-section-height-default elementor-section-items-middle\" data-id=\"c71ce92\" data-element_type=\"section\" data-settings=\"{&quot;background_background&quot;:&quot;gradient&quot;}\">\n\t\t\t\t\t\t\t<div class=\"elementor-background-overlay\"><\/div>\n\t\t\t\t\t\t\t<div class=\"elementor-container elementor-column-gap-default\">\n\t\t\t\t\t<div class=\"elementor-column elementor-col-100 elementor-top-column elementor-element elementor-element-8e8dd50\" data-id=\"8e8dd50\" data-element_type=\"column\" data-settings=\"{&quot;background_background&quot;:&quot;gradient&quot;}\">\n\t\t\t<div class=\"elementor-widget-wrap elementor-element-populated\">\n\t\t\t\t\t\t<div class=\"elementor-element elementor-element-a3d9da6 elementor-widget elementor-widget-spacer\" data-id=\"a3d9da6\" data-element_type=\"widget\" data-widget_type=\"spacer.default\">\n\t\t\t\t<div class=\"elementor-widget-container\">\n\t\t\t\t\t\t\t<div class=\"elementor-spacer\">\n\t\t\t<div class=\"elementor-spacer-inner\"><\/div>\n\t\t<\/div>\n\t\t\t\t\t\t<\/div>\n\t\t\t\t<\/div>\n\t\t\t\t<div data-dce-title-color=\"#1D1D1F\" class=\"elementor-element elementor-element-d74aaa8 elementor-widget elementor-widget-heading\" data-id=\"d74aaa8\" data-element_type=\"widget\" data-widget_type=\"heading.default\">\n\t\t\t\t<div class=\"elementor-widget-container\">\n\t\t\t\t\t<h2 class=\"elementor-heading-title elementor-size-default\">Newsletter subscription<\/h2>\t\t\t\t<\/div>\n\t\t\t\t<\/div>\n\t\t\t\t<div data-dce-text-color=\"#1D1D1F\" class=\"elementor-element elementor-element-60542ec elementor-widget elementor-widget-text-editor\" data-id=\"60542ec\" data-element_type=\"widget\" data-widget_type=\"text-editor.default\">\n\t\t\t\t<div class=\"elementor-widget-container\">\n\t\t\t\t\t\t\t\t\t<p>If you would like to receive regular practical tips on content production and keep up to date with the latest news, subscribe to the WOW Content production newsletter!<\/p><h6>The newsletters are currently only available in Hungarian.\u00a0<span class=\"emoji\">\ud83c\udded\ud83c\uddfa<\/span><\/h6>\t\t\t\t\t\t\t\t<\/div>\n\t\t\t\t<\/div>\n\t\t\t\t<div class=\"elementor-element elementor-element-65d877b elementor-widget elementor-widget-spacer\" data-id=\"65d877b\" data-element_type=\"widget\" data-widget_type=\"spacer.default\">\n\t\t\t\t<div class=\"elementor-widget-container\">\n\t\t\t\t\t\t\t<div class=\"elementor-spacer\">\n\t\t\t<div class=\"elementor-spacer-inner\"><\/div>\n\t\t<\/div>\n\t\t\t\t\t\t<\/div>\n\t\t\t\t<\/div>\n\t\t\t\t<section class=\"elementor-section elementor-inner-section elementor-element elementor-element-89650b3 elementor-section-boxed elementor-section-height-default elementor-section-height-default\" data-id=\"89650b3\" data-element_type=\"section\">\n\t\t\t\t\t\t<div class=\"elementor-container elementor-column-gap-default\">\n\t\t\t\t\t<div data-dce-background-overlay-color=\"#FFFFFF\" class=\"elementor-column elementor-col-50 elementor-inner-column elementor-element elementor-element-f8ea7fd\" data-id=\"f8ea7fd\" data-element_type=\"column\" data-settings=\"{&quot;background_background&quot;:&quot;classic&quot;}\">\n\t\t\t<div class=\"elementor-widget-wrap elementor-element-populated\">\n\t\t\t\t\t<div class=\"elementor-background-overlay\"><\/div>\n\t\t\t\t\t\t<div class=\"elementor-element elementor-element-238764a elementor-widget elementor-widget-html\" data-id=\"238764a\" data-element_type=\"widget\" data-widget_type=\"html.default\">\n\t\t\t\t<div class=\"elementor-widget-container\">\n\t\t\t\t\t<div id=\"mmform257582\" class=\"mmform\" style=\"position:relative;padding-bottom:300px;height:0;overflow:hidden;max-width:100%;\"><\/div>\n<script type=\"text\/javascript\">\nvar uniqueId = 2575821667918109,listId = 131021,formId = 257582,iwidth=115,mmDomain='salesautopilot.s3.amazonaws.com',secondMMDomain='sw.marketingszoftverek.hu',spancont=false,secure=('https:' == document.location.protocol)?true:false;\n<\/script>\n<script type=\"text\/javascript\" src=\"https:\/\/d1ursyhqs5x9h1.cloudfront.net\/sw\/scripts\/mm-embed-iframe-1.15.min.js\"><\/script>\n\t\t\t\t<\/div>\n\t\t\t\t<\/div>\n\t\t\t\t\t<\/div>\n\t\t<\/div>\n\t\t\t\t<div class=\"elementor-column elementor-col-50 elementor-inner-column elementor-element elementor-element-207aed8 elementor-hidden-tablet elementor-hidden-mobile\" data-id=\"207aed8\" data-element_type=\"column\">\n\t\t\t<div class=\"elementor-widget-wrap elementor-element-populated\">\n\t\t\t\t\t\t<div class=\"elementor-element elementor-element-088c4b7 elementor-align-center elementor-widget elementor-widget-lottie\" data-id=\"088c4b7\" data-element_type=\"widget\" data-settings=\"{&quot;source_json&quot;:{&quot;url&quot;:&quot;https:\\\/\\\/www.wowcontentproduction.com\\\/wp-content\\\/uploads\\\/2022\\\/09\\\/0xOlzlRJNA.json&quot;,&quot;id&quot;:2399,&quot;size&quot;:&quot;&quot;,&quot;alt&quot;:&quot;&quot;,&quot;source&quot;:&quot;library&quot;},&quot;loop&quot;:&quot;yes&quot;,&quot;source&quot;:&quot;media_file&quot;,&quot;caption_source&quot;:&quot;none&quot;,&quot;link_to&quot;:&quot;none&quot;,&quot;trigger&quot;:&quot;arriving_to_viewport&quot;,&quot;viewport&quot;:{&quot;unit&quot;:&quot;%&quot;,&quot;size&quot;:&quot;&quot;,&quot;sizes&quot;:{&quot;start&quot;:0,&quot;end&quot;:100}},&quot;play_speed&quot;:{&quot;unit&quot;:&quot;px&quot;,&quot;size&quot;:1,&quot;sizes&quot;:[]},&quot;start_point&quot;:{&quot;unit&quot;:&quot;%&quot;,&quot;size&quot;:0,&quot;sizes&quot;:[]},&quot;end_point&quot;:{&quot;unit&quot;:&quot;%&quot;,&quot;size&quot;:100,&quot;sizes&quot;:[]},&quot;renderer&quot;:&quot;svg&quot;}\" data-widget_type=\"lottie.default\">\n\t\t\t\t<div class=\"elementor-widget-container\">\n\t\t\t\t\t<div class=\"e-lottie__container\"><div class=\"e-lottie__animation\"><\/div><\/div>\t\t\t\t<\/div>\n\t\t\t\t<\/div>\n\t\t\t\t\t<\/div>\n\t\t<\/div>\n\t\t\t\t\t<\/div>\n\t\t<\/section>\n\t\t\t\t<div class=\"elementor-element elementor-element-50d8f49 elementor-widget elementor-widget-spacer\" data-id=\"50d8f49\" data-element_type=\"widget\" data-widget_type=\"spacer.default\">\n\t\t\t\t<div class=\"elementor-widget-container\">\n\t\t\t\t\t\t\t<div class=\"elementor-spacer\">\n\t\t\t<div class=\"elementor-spacer-inner\"><\/div>\n\t\t<\/div>\n\t\t\t\t\t\t<\/div>\n\t\t\t\t<\/div>\n\t\t\t\t\t<\/div>\n\t\t<\/div>\n\t\t\t\t\t<\/div>\n\t\t<\/section>\n\t\t\t\t<\/div>","protected":false},"excerpt":{"rendered":"<p>Subscribe to the newsletter If you want to receive regular practical tips on content production and keep up to date with the latest news, then subscribe to the WOW Content production newsletter! The newsletters are currently only available in Hungarian. \ud83c\udded\ud83c\uddfa<\/p>","protected":false},"author":1,"featured_media":0,"parent":0,"menu_order":0,"comment_status":"closed","ping_status":"closed","template":"","meta":{"site-sidebar-layout":"no-sidebar","site-content-layout":"page-builder","ast-site-content-layout":"","site-content-style":"default","site-sidebar-style":"default","ast-global-header-display":"disabled","ast-banner-title-visibility":"","ast-main-header-display":"","ast-hfb-above-header-display":"","ast-hfb-below-header-display":"","ast-hfb-mobile-header-display":"","site-post-title":"disabled","ast-breadcrumbs-content":"","ast-featured-img":"disabled","footer-sml-layout":"disabled","theme-transparent-header-meta":"","adv-header-id-meta":"","stick-header-meta":"","header-above-stick-meta":"","header-main-stick-meta":"","header-below-stick-meta":"","astra-migrate-meta-layouts":"default","ast-page-background-enabled":"default","ast-page-background-meta":{"desktop":{"background-color":"var(--ast-global-color-4)","background-image":"","background-repeat":"repeat","background-position":"center center","background-size":"auto","background-attachment":"scroll","background-type":"","background-media":"","overlay-type":"","overlay-color":"","overlay-opacity":"","overlay-gradient":""},"tablet":{"background-color":"","background-image":"","background-repeat":"repeat","background-position":"center center","background-size":"auto","background-attachment":"scroll","background-type":"","background-media":"","overlay-type":"","overlay-color":"","overlay-opacity":"","overlay-gradient":""},"mobile":{"background-color":"","background-image":"","background-repeat":"repeat","background-position":"center center","background-size":"auto","background-attachment":"scroll","background-type":"","background-media":"","overlay-type":"","overlay-color":"","overlay-opacity":"","overlay-gradient":""}},"ast-content-background-meta":{"desktop":{"background-color":"var(--ast-global-color-5)","background-image":"","background-repeat":"repeat","background-position":"center center","background-size":"auto","background-attachment":"scroll","background-type":"","background-media":"","overlay-type":"","overlay-color":"","overlay-opacity":"","overlay-gradient":""},"tablet":{"background-color":"var(--ast-global-color-5)","background-image":"","background-repeat":"repeat","background-position":"center center","background-size":"auto","background-attachment":"scroll","background-type":"","background-media":"","overlay-type":"","overlay-color":"","overlay-opacity":"","overlay-gradient":""},"mobile":{"background-color":"var(--ast-global-color-5)","background-image":"","background-repeat":"repeat","background-position":"center center","background-size":"auto","background-attachment":"scroll","background-type":"","background-media":"","overlay-type":"","overlay-color":"","overlay-opacity":"","overlay-gradient":""}},"footnotes":""},"class_list":["post-2144","page","type-page","status-publish","hentry"],"yoast_head":"<!-- This site is optimized with the Yoast SEO Premium plugin v26.2 (Yoast SEO v26.3) - https:\/\/yoast.com\/wordpress\/plugins\/seo\/ -->\n<title>H\u00edrlev\u00e9l | Wow Content Production<\/title>\n<meta name=\"description\" content=\"H\u00edrlev\u00e9l feliratkoz\u00e1s! Kapj rendszeresen gyakorlati tippeket tartalomgy\u00e1rt\u00e1ssal kapcsolatosan a WOW Content Production Kft.-t\u0151l!\" \/>\n<meta name=\"robots\" content=\"index, follow, max-snippet:-1, max-image-preview:large, max-video-preview:-1\" \/>\n<link rel=\"canonical\" href=\"https:\/\/www.wowcontentproduction.com\/en\/level\/\" \/>\n<meta property=\"og:locale\" content=\"en_GB\" \/>\n<meta property=\"og:type\" content=\"article\" \/>\n<meta property=\"og:title\" content=\"H\u00edrlev\u00e9l\" \/>\n<meta property=\"og:description\" content=\"H\u00edrlev\u00e9l feliratkoz\u00e1s! Kapj rendszeresen gyakorlati tippeket tartalomgy\u00e1rt\u00e1ssal kapcsolatosan a WOW Content Production Kft.-t\u0151l!\" \/>\n<meta property=\"og:url\" content=\"https:\/\/www.wowcontentproduction.com\/en\/level\/\" \/>\n<meta property=\"og:site_name\" content=\"Wow Content Production\" \/>\n<meta property=\"article:modified_time\" content=\"2023-10-18T09:01:06+00:00\" \/>\n<meta name=\"twitter:card\" content=\"summary_large_image\" \/>\n<meta name=\"twitter:label1\" content=\"Estimated reading time\" \/>\n\t<meta name=\"twitter:data1\" content=\"1 minute\" \/>\n<script type=\"application\/ld+json\" class=\"yoast-schema-graph\">{\"@context\":\"https:\/\/schema.org\",\"@graph\":[{\"@type\":\"WebPage\",\"@id\":\"https:\/\/www.wowcontentproduction.com\/level\/\",\"url\":\"https:\/\/www.wowcontentproduction.com\/level\/\",\"name\":\"H\u00edrlev\u00e9l | Wow Content Production\",\"isPartOf\":{\"@id\":\"https:\/\/www.wowcontentproduction.com\/#website\"},\"datePublished\":\"2022-09-19T15:57:49+00:00\",\"dateModified\":\"2023-10-18T09:01:06+00:00\",\"description\":\"H\u00edrlev\u00e9l feliratkoz\u00e1s! Kapj rendszeresen gyakorlati tippeket tartalomgy\u00e1rt\u00e1ssal kapcsolatosan a WOW Content Production Kft.-t\u0151l!\",\"breadcrumb\":{\"@id\":\"https:\/\/www.wowcontentproduction.com\/level\/#breadcrumb\"},\"inLanguage\":\"en-GB\",\"potentialAction\":[{\"@type\":\"ReadAction\",\"target\":[\"https:\/\/www.wowcontentproduction.com\/level\/\"]}]},{\"@type\":\"BreadcrumbList\",\"@id\":\"https:\/\/www.wowcontentproduction.com\/level\/#breadcrumb\",\"itemListElement\":[{\"@type\":\"ListItem\",\"position\":1,\"name\":\"Home\",\"item\":\"https:\/\/www.wowcontentproduction.com\/\"},{\"@type\":\"ListItem\",\"position\":2,\"name\":\"H\u00edrlev\u00e9l\"}]},{\"@type\":\"WebSite\",\"@id\":\"https:\/\/www.wowcontentproduction.com\/#website\",\"url\":\"https:\/\/www.wowcontentproduction.com\/\",\"name\":\"Wow Content Production\",\"description\":\"Film, Media, Marketing\",\"publisher\":{\"@id\":\"https:\/\/www.wowcontentproduction.com\/#organization\"},\"potentialAction\":[{\"@type\":\"SearchAction\",\"target\":{\"@type\":\"EntryPoint\",\"urlTemplate\":\"https:\/\/www.wowcontentproduction.com\/?s={search_term_string}\"},\"query-input\":{\"@type\":\"PropertyValueSpecification\",\"valueRequired\":true,\"valueName\":\"search_term_string\"}}],\"inLanguage\":\"en-GB\"},{\"@type\":\"Organization\",\"@id\":\"https:\/\/www.wowcontentproduction.com\/#organization\",\"name\":\"Wow Content Production\",\"url\":\"https:\/\/www.wowcontentproduction.com\/\",\"logo\":{\"@type\":\"ImageObject\",\"inLanguage\":\"en-GB\",\"@id\":\"https:\/\/www.wowcontentproduction.com\/#\/schema\/logo\/image\/\",\"url\":\"https:\/\/www.wowcontentproduction.com\/wp-content\/uploads\/2022\/09\/base_logo_transparent_background.png\",\"contentUrl\":\"https:\/\/www.wowcontentproduction.com\/wp-content\/uploads\/2022\/09\/base_logo_transparent_background.png\",\"width\":3125,\"height\":1875,\"caption\":\"Wow Content Production\"},\"image\":{\"@id\":\"https:\/\/www.wowcontentproduction.com\/#\/schema\/logo\/image\/\"}}]}<\/script>\n<!-- \/ Yoast SEO Premium plugin. -->","yoast_head_json":{"title":"Newsletter | Wow Content Production","description":"Subscribe to our newsletter! Get regular practical tips on content production from WOW Content Production Ltd.","robots":{"index":"index","follow":"follow","max-snippet":"max-snippet:-1","max-image-preview":"max-image-preview:large","max-video-preview":"max-video-preview:-1"},"canonical":"https:\/\/www.wowcontentproduction.com\/en\/level\/","og_locale":"en_GB","og_type":"article","og_title":"H\u00edrlev\u00e9l","og_description":"H\u00edrlev\u00e9l feliratkoz\u00e1s! Kapj rendszeresen gyakorlati tippeket tartalomgy\u00e1rt\u00e1ssal kapcsolatosan a WOW Content Production Kft.-t\u0151l!","og_url":"https:\/\/www.wowcontentproduction.com\/en\/level\/","og_site_name":"Wow Content Production","article_modified_time":"2023-10-18T09:01:06+00:00","twitter_card":"summary_large_image","twitter_misc":{"Estimated reading time":"1 minute"},"schema":{"@context":"https:\/\/schema.org","@graph":[{"@type":"WebPage","@id":"https:\/\/www.wowcontentproduction.com\/level\/","url":"https:\/\/www.wowcontentproduction.com\/level\/","name":"Newsletter | Wow Content Production","isPartOf":{"@id":"https:\/\/www.wowcontentproduction.com\/#website"},"datePublished":"2022-09-19T15:57:49+00:00","dateModified":"2023-10-18T09:01:06+00:00","description":"Subscribe to our newsletter! Get regular practical tips on content production from WOW Content Production Ltd.","breadcrumb":{"@id":"https:\/\/www.wowcontentproduction.com\/level\/#breadcrumb"},"inLanguage":"en-GB","potentialAction":[{"@type":"ReadAction","target":["https:\/\/www.wowcontentproduction.com\/level\/"]}]},{"@type":"BreadcrumbList","@id":"https:\/\/www.wowcontentproduction.com\/level\/#breadcrumb","itemListElement":[{"@type":"ListItem","position":1,"name":"Home","item":"https:\/\/www.wowcontentproduction.com\/"},{"@type":"ListItem","position":2,"name":"H\u00edrlev\u00e9l"}]},{"@type":"WebSite","@id":"https:\/\/www.wowcontentproduction.com\/#website","url":"https:\/\/www.wowcontentproduction.com\/","name":"Wow Content Production","description":"Film, Media, Marketing","publisher":{"@id":"https:\/\/www.wowcontentproduction.com\/#organization"},"potentialAction":[{"@type":"SearchAction","target":{"@type":"EntryPoint","urlTemplate":"https:\/\/www.wowcontentproduction.com\/?s={search_term_string}"},"query-input":{"@type":"PropertyValueSpecification","valueRequired":true,"valueName":"search_term_string"}}],"inLanguage":"en-GB"},{"@type":"Organization","@id":"https:\/\/www.wowcontentproduction.com\/#organization","name":"Wow Content Production","url":"https:\/\/www.wowcontentproduction.com\/","logo":{"@type":"ImageObject","inLanguage":"en-GB","@id":"https:\/\/www.wowcontentproduction.com\/#\/schema\/logo\/image\/","url":"https:\/\/www.wowcontentproduction.com\/wp-content\/uploads\/2022\/09\/base_logo_transparent_background.png","contentUrl":"https:\/\/www.wowcontentproduction.com\/wp-content\/uploads\/2022\/09\/base_logo_transparent_background.png","width":3125,"height":1875,"caption":"Wow Content Production"},"image":{"@id":"https:\/\/www.wowcontentproduction.com\/#\/schema\/logo\/image\/"}}]}},"_links":{"self":[{"href":"https:\/\/www.wowcontentproduction.com\/en\/wp-json\/wp\/v2\/pages\/2144","targetHints":{"allow":["GET"]}}],"collection":[{"href":"https:\/\/www.wowcontentproduction.com\/en\/wp-json\/wp\/v2\/pages"}],"about":[{"href":"https:\/\/www.wowcontentproduction.com\/en\/wp-json\/wp\/v2\/types\/page"}],"author":[{"embeddable":true,"href":"https:\/\/www.wowcontentproduction.com\/en\/wp-json\/wp\/v2\/users\/1"}],"replies":[{"embeddable":true,"href":"https:\/\/www.wowcontentproduction.com\/en\/wp-json\/wp\/v2\/comments?post=2144"}],"version-history":[{"count":18,"href":"https:\/\/www.wowcontentproduction.com\/en\/wp-json\/wp\/v2\/pages\/2144\/revisions"}],"predecessor-version":[{"id":8829,"href":"https:\/\/www.wowcontentproduction.com\/en\/wp-json\/wp\/v2\/pages\/2144\/revisions\/8829"}],"wp:attachment":[{"href":"https:\/\/www.wowcontentproduction.com\/en\/wp-json\/wp\/v2\/media?parent=2144"}],"curies":[{"name":"wp","href":"https:\/\/api.w.org\/{rel}","templated":true}]}}