{"id":1133,"date":"2022-09-13T08:26:36","date_gmt":"2022-09-13T08:26:36","guid":{"rendered":"https:\/\/www.wowcontentproduction.com\/?page_id=1133"},"modified":"2024-09-18T01:45:12","modified_gmt":"2024-09-18T01:45:12","slug":"rolunk","status":"publish","type":"page","link":"https:\/\/www.wowcontentproduction.com\/en\/rolunk\/","title":{"rendered":"about us"},"content":{"rendered":"<div data-elementor-type=\"wp-page\" data-elementor-id=\"1133\" class=\"elementor elementor-1133\" data-elementor-post-type=\"page\">\n\t\t\t\t\t\t<section data-dce-background-color=\"#FFFFFF\" class=\"elementor-section elementor-top-section elementor-element elementor-element-3a326c4 elementor-section-boxed elementor-section-height-default elementor-section-height-default\" data-id=\"3a326c4\" data-element_type=\"section\" data-settings=\"{&quot;background_background&quot;:&quot;classic&quot;}\">\n\t\t\t\t\t\t\t<div class=\"elementor-background-overlay\"><\/div>\n\t\t\t\t\t\t\t<div class=\"elementor-container elementor-column-gap-default\">\n\t\t\t\t\t<div class=\"elementor-column elementor-col-100 elementor-top-column elementor-element elementor-element-54456eb\" data-id=\"54456eb\" data-element_type=\"column\" data-settings=\"{&quot;background_background&quot;:&quot;classic&quot;}\">\n\t\t\t<div class=\"elementor-widget-wrap elementor-element-populated\">\n\t\t\t\t\t<div class=\"elementor-background-overlay\"><\/div>\n\t\t\t\t\t\t<div class=\"elementor-element elementor-element-05ec388 elementor-widget elementor-widget-spacer\" data-id=\"05ec388\" data-element_type=\"widget\" data-widget_type=\"spacer.default\">\n\t\t\t\t<div class=\"elementor-widget-container\">\n\t\t\t\t\t\t\t<div class=\"elementor-spacer\">\n\t\t\t<div class=\"elementor-spacer-inner\"><\/div>\n\t\t<\/div>\n\t\t\t\t\t\t<\/div>\n\t\t\t\t<\/div>\n\t\t\t\t<div class=\"elementor-element elementor-element-bf8cb0d elementor-widget elementor-widget-heading\" data-id=\"bf8cb0d\" data-element_type=\"widget\" data-widget_type=\"heading.default\">\n\t\t\t\t<div class=\"elementor-widget-container\">\n\t\t\t\t\t<h2 class=\"elementor-heading-title elementor-size-default\">Learn about the vision, purpose and greatest value of WOW Content Production!<\/h2>\t\t\t\t<\/div>\n\t\t\t\t<\/div>\n\t\t\t\t\t<\/div>\n\t\t<\/div>\n\t\t\t\t\t<\/div>\n\t\t<\/section>\n\t\t\t\t<section data-dce-background-color=\"#FFFFFF\" class=\"elementor-section elementor-top-section elementor-element elementor-element-321ab80 elementor-section-height-min-height elementor-section-content-space-evenly elementor-section-boxed elementor-section-height-default elementor-section-items-middle\" data-id=\"321ab80\" data-element_type=\"section\" data-settings=\"{&quot;background_background&quot;:&quot;classic&quot;}\">\n\t\t\t\t\t\t\t<div class=\"elementor-background-overlay\"><\/div>\n\t\t\t\t\t\t\t<div class=\"elementor-container elementor-column-gap-default\">\n\t\t\t\t\t<div class=\"elementor-column elementor-col-100 elementor-top-column elementor-element elementor-element-55c2c32\" data-id=\"55c2c32\" data-element_type=\"column\">\n\t\t\t<div class=\"elementor-widget-wrap elementor-element-populated\">\n\t\t\t\t\t\t<section class=\"elementor-section elementor-inner-section elementor-element elementor-element-9b684ec elementor-section-boxed elementor-section-height-default elementor-section-height-default\" data-id=\"9b684ec\" data-element_type=\"section\">\n\t\t\t\t\t\t<div class=\"elementor-container elementor-column-gap-default\">\n\t\t\t\t\t<div data-dce-background-overlay-color=\"#FFCC00D9\" class=\"elementor-column elementor-col-33 elementor-inner-column elementor-element elementor-element-1f68e71\" data-id=\"1f68e71\" data-element_type=\"column\" data-settings=\"{&quot;background_background&quot;:&quot;classic&quot;}\">\n\t\t\t<div class=\"elementor-widget-wrap elementor-element-populated\">\n\t\t\t\t\t<div class=\"elementor-background-overlay\"><\/div>\n\t\t\t\t\t\t<div class=\"elementor-element elementor-element-ba121e8 dce_masking-none elementor-widget elementor-widget-image\" data-id=\"ba121e8\" data-element_type=\"widget\" data-widget_type=\"image.default\">\n\t\t\t\t<div class=\"elementor-widget-container\">\n\t\t\t\t\t\t\t\t\t\t\t\t\t\t\t<img fetchpriority=\"high\" decoding=\"async\" width=\"700\" height=\"400\" src=\"https:\/\/www.wowcontentproduction.com\/wp-content\/uploads\/2024\/09\/werk.1.jpg\" class=\"attachment-large size-large wp-image-10758\" alt=\"\" srcset=\"https:\/\/www.wowcontentproduction.com\/wp-content\/uploads\/2024\/09\/werk.1.jpg 700w, https:\/\/www.wowcontentproduction.com\/wp-content\/uploads\/2024\/09\/werk.1-300x171.jpg 300w, https:\/\/www.wowcontentproduction.com\/wp-content\/uploads\/2024\/09\/werk.1-18x10.jpg 18w\" sizes=\"(max-width: 700px) 100vw, 700px\" \/>\t\t\t\t\t\t\t\t\t\t\t\t\t\t\t<\/div>\n\t\t\t\t<\/div>\n\t\t\t\t<div class=\"elementor-element elementor-element-ae8f8d2 elementor-widget elementor-widget-heading\" data-id=\"ae8f8d2\" data-element_type=\"widget\" data-widget_type=\"heading.default\">\n\t\t\t\t<div class=\"elementor-widget-container\">\n\t\t\t\t\t<h2 class=\"elementor-heading-title elementor-size-default\">Our vision for the future<\/h2>\t\t\t\t<\/div>\n\t\t\t\t<\/div>\n\t\t\t\t<div class=\"elementor-element elementor-element-e67b676 elementor-widget elementor-widget-text-editor\" data-id=\"e67b676\" data-element_type=\"widget\" data-widget_type=\"text-editor.default\">\n\t\t\t\t<div class=\"elementor-widget-container\">\n\t\t\t\t\t\t\t\t\t<p>In the future we envision, truly valuable companies will find it easier to know their customers' needs through social media. Whether it's content that helps your company grow exponentially.<\/p>\t\t\t\t\t\t\t\t<\/div>\n\t\t\t\t<\/div>\n\t\t\t\t\t<\/div>\n\t\t<\/div>\n\t\t\t\t<div data-dce-background-overlay-color=\"#FFCC00D9\" class=\"elementor-column elementor-col-33 elementor-inner-column elementor-element elementor-element-8e7ef69\" data-id=\"8e7ef69\" data-element_type=\"column\" data-settings=\"{&quot;background_background&quot;:&quot;classic&quot;}\">\n\t\t\t<div class=\"elementor-widget-wrap elementor-element-populated\">\n\t\t\t\t\t<div class=\"elementor-background-overlay\"><\/div>\n\t\t\t\t\t\t<div class=\"elementor-element elementor-element-9287594 dce_masking-none elementor-widget elementor-widget-image\" data-id=\"9287594\" data-element_type=\"widget\" data-widget_type=\"image.default\">\n\t\t\t\t<div class=\"elementor-widget-container\">\n\t\t\t\t\t\t\t\t\t\t\t\t\t\t\t<img decoding=\"async\" width=\"700\" height=\"400\" src=\"https:\/\/www.wowcontentproduction.com\/wp-content\/uploads\/2024\/09\/werk.2.jpg\" class=\"attachment-large size-large wp-image-10757\" alt=\"\" srcset=\"https:\/\/www.wowcontentproduction.com\/wp-content\/uploads\/2024\/09\/werk.2.jpg 700w, https:\/\/www.wowcontentproduction.com\/wp-content\/uploads\/2024\/09\/werk.2-300x171.jpg 300w, https:\/\/www.wowcontentproduction.com\/wp-content\/uploads\/2024\/09\/werk.2-18x10.jpg 18w\" sizes=\"(max-width: 700px) 100vw, 700px\" \/>\t\t\t\t\t\t\t\t\t\t\t\t\t\t\t<\/div>\n\t\t\t\t<\/div>\n\t\t\t\t<div class=\"elementor-element elementor-element-c90fd5e elementor-widget elementor-widget-heading\" data-id=\"c90fd5e\" data-element_type=\"widget\" data-widget_type=\"heading.default\">\n\t\t\t\t<div class=\"elementor-widget-container\">\n\t\t\t\t\t<h2 class=\"elementor-heading-title elementor-size-default\">Our goal<\/h2>\t\t\t\t<\/div>\n\t\t\t\t<\/div>\n\t\t\t\t<div class=\"elementor-element elementor-element-5fda17b elementor-widget elementor-widget-text-editor\" data-id=\"5fda17b\" data-element_type=\"widget\" data-widget_type=\"text-editor.default\">\n\t\t\t\t<div class=\"elementor-widget-container\">\n\t\t\t\t\t\t\t\t\t<p>Our goal is to make photo and video content in 100% support your company's marketing strategy and not just a routine task that needs to be allocated resources just because everyone is doing it now...<\/p>\t\t\t\t\t\t\t\t<\/div>\n\t\t\t\t<\/div>\n\t\t\t\t\t<\/div>\n\t\t<\/div>\n\t\t\t\t<div class=\"elementor-column elementor-col-33 elementor-inner-column elementor-element elementor-element-63a1c9b\" data-id=\"63a1c9b\" data-element_type=\"column\" data-settings=\"{&quot;background_background&quot;:&quot;classic&quot;}\">\n\t\t\t<div class=\"elementor-widget-wrap elementor-element-populated\">\n\t\t\t\t\t<div class=\"elementor-background-overlay\"><\/div>\n\t\t\t\t\t\t<div class=\"elementor-element elementor-element-301e5fd dce_masking-none elementor-widget elementor-widget-image\" data-id=\"301e5fd\" data-element_type=\"widget\" data-widget_type=\"image.default\">\n\t\t\t\t<div class=\"elementor-widget-container\">\n\t\t\t\t\t\t\t\t\t\t\t\t\t\t\t<img decoding=\"async\" width=\"700\" height=\"400\" src=\"https:\/\/www.wowcontentproduction.com\/wp-content\/uploads\/2024\/09\/werk.3.jpg\" class=\"attachment-large size-large wp-image-10756\" alt=\"\" srcset=\"https:\/\/www.wowcontentproduction.com\/wp-content\/uploads\/2024\/09\/werk.3.jpg 700w, https:\/\/www.wowcontentproduction.com\/wp-content\/uploads\/2024\/09\/werk.3-300x171.jpg 300w, https:\/\/www.wowcontentproduction.com\/wp-content\/uploads\/2024\/09\/werk.3-18x10.jpg 18w\" sizes=\"(max-width: 700px) 100vw, 700px\" \/>\t\t\t\t\t\t\t\t\t\t\t\t\t\t\t<\/div>\n\t\t\t\t<\/div>\n\t\t\t\t<div class=\"elementor-element elementor-element-cbfed7d elementor-widget elementor-widget-heading\" data-id=\"cbfed7d\" data-element_type=\"widget\" data-widget_type=\"heading.default\">\n\t\t\t\t<div class=\"elementor-widget-container\">\n\t\t\t\t\t<h2 class=\"elementor-heading-title elementor-size-default\">Our greatest asset<\/h2>\t\t\t\t<\/div>\n\t\t\t\t<\/div>\n\t\t\t\t<div class=\"elementor-element elementor-element-b11b4a4 elementor-widget elementor-widget-text-editor\" data-id=\"b11b4a4\" data-element_type=\"widget\" data-widget_type=\"text-editor.default\">\n\t\t\t\t<div class=\"elementor-widget-container\">\n\t\t\t\t\t\t\t\t\t<p>Our greatest value lies in our customer-centric thinking. Understanding, understanding and meeting the customer's current and future needs. To achieve this, we work closely with our long-term partners.<\/p>\t\t\t\t\t\t\t\t<\/div>\n\t\t\t\t<\/div>\n\t\t\t\t\t<\/div>\n\t\t<\/div>\n\t\t\t\t\t<\/div>\n\t\t<\/section>\n\t\t\t\t\t<\/div>\n\t\t<\/div>\n\t\t\t\t\t<\/div>\n\t\t<\/section>\n\t\t\t\t<section data-dce-background-color=\"#FFFFFF\" data-dce-background-overlay-color=\"#FFFFFF\" class=\"elementor-section elementor-top-section elementor-element elementor-element-5637b9a elementor-section-boxed elementor-section-height-default elementor-section-height-default\" data-id=\"5637b9a\" data-element_type=\"section\" data-settings=\"{&quot;background_background&quot;:&quot;classic&quot;}\">\n\t\t\t\t\t\t\t<div class=\"elementor-background-overlay\"><\/div>\n\t\t\t\t\t\t\t<div class=\"elementor-container elementor-column-gap-default\">\n\t\t\t\t\t<div class=\"elementor-column elementor-col-100 elementor-top-column elementor-element elementor-element-e3b7a96\" data-id=\"e3b7a96\" data-element_type=\"column\">\n\t\t\t<div class=\"elementor-widget-wrap elementor-element-populated\">\n\t\t\t\t\t\t<section class=\"elementor-section elementor-inner-section elementor-element elementor-element-b62b380 elementor-section-boxed elementor-section-height-default elementor-section-height-default\" data-id=\"b62b380\" data-element_type=\"section\">\n\t\t\t\t\t\t<div class=\"elementor-container elementor-column-gap-default\">\n\t\t\t\t\t<div class=\"elementor-column elementor-col-100 elementor-inner-column elementor-element elementor-element-15f4a80\" data-id=\"15f4a80\" data-element_type=\"column\">\n\t\t\t<div class=\"elementor-widget-wrap elementor-element-populated\">\n\t\t\t\t\t\t<div data-dce-title-color=\"#1D1D1F\" class=\"elementor-element elementor-element-7c20471 elementor-widget elementor-widget-heading\" data-id=\"7c20471\" data-element_type=\"widget\" data-widget_type=\"heading.default\">\n\t\t\t\t<div class=\"elementor-widget-container\">\n\t\t\t\t\t<h2 class=\"elementor-heading-title elementor-size-default\">Have a video you can be proud of!<\/h2>\t\t\t\t<\/div>\n\t\t\t\t<\/div>\n\t\t\t\t<div class=\"elementor-element elementor-element-9d85b35 elementor-hidden-tablet elementor-hidden-mobile elementor-widget elementor-widget-spacer\" data-id=\"9d85b35\" data-element_type=\"widget\" data-widget_type=\"spacer.default\">\n\t\t\t\t<div class=\"elementor-widget-container\">\n\t\t\t\t\t\t\t<div class=\"elementor-spacer\">\n\t\t\t<div class=\"elementor-spacer-inner\"><\/div>\n\t\t<\/div>\n\t\t\t\t\t\t<\/div>\n\t\t\t\t<\/div>\n\t\t\t\t<div data-dce-background-color=\"#FFCC00\" class=\"elementor-element elementor-element-83e81cb elementor-align-center elementor-widget elementor-widget-button\" data-id=\"83e81cb\" data-element_type=\"widget\" data-widget_type=\"button.default\">\n\t\t\t\t<div class=\"elementor-widget-container\">\n\t\t\t\t\t\t\t\t\t<div class=\"elementor-button-wrapper\">\n\t\t\t\t\t<a class=\"elementor-button elementor-button-link elementor-size-sm\" href=\"https:\/\/www.wowcontentproduction.com\/en\/contact\/\">\n\t\t\t\t\t\t<span class=\"elementor-button-content-wrapper\">\n\t\t\t\t\t\t<span class=\"elementor-button-icon\">\n\t\t\t\t<i aria-hidden=\"true\" class=\"far fa-handshake\"><\/i>\t\t\t<\/span>\n\t\t\t\t\t\t\t\t\t<span class=\"elementor-button-text\">I would like to work with you<\/span>\n\t\t\t\t\t<\/span>\n\t\t\t\t\t<\/a>\n\t\t\t\t<\/div>\n\t\t\t\t\t\t\t\t<\/div>\n\t\t\t\t<\/div>\n\t\t\t\t\t<\/div>\n\t\t<\/div>\n\t\t\t\t\t<\/div>\n\t\t<\/section>\n\t\t\t\t\t<\/div>\n\t\t<\/div>\n\t\t\t\t\t<\/div>\n\t\t<\/section>\n\t\t\t\t<\/div>","protected":false},"excerpt":{"rendered":"<p>Learn about the vision, purpose and greatest value of WOW Content Production! Our vision In the future we envision, truly valuable companies will find it easier to know their customers' needs through social media. Be it any content that helps your company grow exponentially. Our Goal Our goal is that photo and video content in 100% will support [...]<\/p>","protected":false},"author":1,"featured_media":0,"parent":0,"menu_order":0,"comment_status":"closed","ping_status":"closed","template":"","meta":{"site-sidebar-layout":"no-sidebar","site-content-layout":"page-builder","ast-site-content-layout":"","site-content-style":"default","site-sidebar-style":"default","ast-global-header-display":"disabled","ast-banner-title-visibility":"","ast-main-header-display":"","ast-hfb-above-header-display":"","ast-hfb-below-header-display":"","ast-hfb-mobile-header-display":"","site-post-title":"disabled","ast-breadcrumbs-content":"","ast-featured-img":"disabled","footer-sml-layout":"disabled","theme-transparent-header-meta":"","adv-header-id-meta":"","stick-header-meta":"","header-above-stick-meta":"","header-main-stick-meta":"","header-below-stick-meta":"","astra-migrate-meta-layouts":"default","ast-page-background-enabled":"default","ast-page-background-meta":{"desktop":{"background-color":"var(--ast-global-color-4)","background-image":"","background-repeat":"repeat","background-position":"center center","background-size":"auto","background-attachment":"scroll","background-type":"","background-media":"","overlay-type":"","overlay-color":"","overlay-opacity":"","overlay-gradient":""},"tablet":{"background-color":"","background-image":"","background-repeat":"repeat","background-position":"center center","background-size":"auto","background-attachment":"scroll","background-type":"","background-media":"","overlay-type":"","overlay-color":"","overlay-opacity":"","overlay-gradient":""},"mobile":{"background-color":"","background-image":"","background-repeat":"repeat","background-position":"center center","background-size":"auto","background-attachment":"scroll","background-type":"","background-media":"","overlay-type":"","overlay-color":"","overlay-opacity":"","overlay-gradient":""}},"ast-content-background-meta":{"desktop":{"background-color":"var(--ast-global-color-5)","background-image":"","background-repeat":"repeat","background-position":"center center","background-size":"auto","background-attachment":"scroll","background-type":"","background-media":"","overlay-type":"","overlay-color":"","overlay-opacity":"","overlay-gradient":""},"tablet":{"background-color":"var(--ast-global-color-5)","background-image":"","background-repeat":"repeat","background-position":"center center","background-size":"auto","background-attachment":"scroll","background-type":"","background-media":"","overlay-type":"","overlay-color":"","overlay-opacity":"","overlay-gradient":""},"mobile":{"background-color":"var(--ast-global-color-5)","background-image":"","background-repeat":"repeat","background-position":"center center","background-size":"auto","background-attachment":"scroll","background-type":"","background-media":"","overlay-type":"","overlay-color":"","overlay-opacity":"","overlay-gradient":""}},"footnotes":""},"class_list":["post-1133","page","type-page","status-publish","hentry"],"yoast_head":"<!-- This site is optimized with the Yoast SEO Premium plugin v26.2 (Yoast SEO v26.3) - https:\/\/yoast.com\/wordpress\/plugins\/seo\/ -->\n<title>R\u00f3lunk | WOW Content Production<\/title>\n<meta name=\"description\" content=\"Ismerd meg a WOW Content Production j\u00f6v\u0151k\u00e9p\u00e9t, k\u00fcldet\u00e9s\u00e9t \u00e9s legnagyobb \u00e9rt\u00e9k\u00e9t!\" \/>\n<meta name=\"robots\" content=\"index, follow, max-snippet:-1, max-image-preview:large, max-video-preview:-1\" \/>\n<link rel=\"canonical\" href=\"https:\/\/www.wowcontentproduction.com\/en\/rolunk\/\" \/>\n<meta property=\"og:locale\" content=\"en_GB\" \/>\n<meta property=\"og:type\" content=\"article\" \/>\n<meta property=\"og:title\" content=\"r\u00f3lunk\" \/>\n<meta property=\"og:description\" content=\"Ismerd meg a WOW Content Production j\u00f6v\u0151k\u00e9p\u00e9t, k\u00fcldet\u00e9s\u00e9t \u00e9s legnagyobb \u00e9rt\u00e9k\u00e9t!\" \/>\n<meta property=\"og:url\" content=\"https:\/\/www.wowcontentproduction.com\/en\/rolunk\/\" \/>\n<meta property=\"og:site_name\" content=\"Wow Content Production\" \/>\n<meta property=\"article:modified_time\" content=\"2024-09-18T01:45:12+00:00\" \/>\n<meta property=\"og:image\" content=\"https:\/\/www.wowcontentproduction.com\/wp-content\/uploads\/2024\/09\/werk.1.jpg\" \/>\n<meta name=\"twitter:card\" content=\"summary_large_image\" \/>\n<meta name=\"twitter:label1\" content=\"Estimated reading time\" \/>\n\t<meta name=\"twitter:data1\" content=\"2 minutes\" \/>\n<script type=\"application\/ld+json\" class=\"yoast-schema-graph\">{\"@context\":\"https:\/\/schema.org\",\"@graph\":[{\"@type\":\"WebPage\",\"@id\":\"https:\/\/www.wowcontentproduction.com\/rolunk\/\",\"url\":\"https:\/\/www.wowcontentproduction.com\/rolunk\/\",\"name\":\"R\u00f3lunk | WOW Content Production\",\"isPartOf\":{\"@id\":\"https:\/\/www.wowcontentproduction.com\/#website\"},\"primaryImageOfPage\":{\"@id\":\"https:\/\/www.wowcontentproduction.com\/rolunk\/#primaryimage\"},\"image\":{\"@id\":\"https:\/\/www.wowcontentproduction.com\/rolunk\/#primaryimage\"},\"thumbnailUrl\":\"https:\/\/www.wowcontentproduction.com\/wp-content\/uploads\/2024\/09\/werk.1.jpg\",\"datePublished\":\"2022-09-13T08:26:36+00:00\",\"dateModified\":\"2024-09-18T01:45:12+00:00\",\"description\":\"Ismerd meg a WOW Content Production j\u00f6v\u0151k\u00e9p\u00e9t, k\u00fcldet\u00e9s\u00e9t \u00e9s legnagyobb \u00e9rt\u00e9k\u00e9t!\",\"breadcrumb\":{\"@id\":\"https:\/\/www.wowcontentproduction.com\/rolunk\/#breadcrumb\"},\"inLanguage\":\"en-GB\",\"potentialAction\":[{\"@type\":\"ReadAction\",\"target\":[\"https:\/\/www.wowcontentproduction.com\/rolunk\/\"]}]},{\"@type\":\"ImageObject\",\"inLanguage\":\"en-GB\",\"@id\":\"https:\/\/www.wowcontentproduction.com\/rolunk\/#primaryimage\",\"url\":\"https:\/\/www.wowcontentproduction.com\/wp-content\/uploads\/2024\/09\/werk.1.jpg\",\"contentUrl\":\"https:\/\/www.wowcontentproduction.com\/wp-content\/uploads\/2024\/09\/werk.1.jpg\"},{\"@type\":\"BreadcrumbList\",\"@id\":\"https:\/\/www.wowcontentproduction.com\/rolunk\/#breadcrumb\",\"itemListElement\":[{\"@type\":\"ListItem\",\"position\":1,\"name\":\"Home\",\"item\":\"https:\/\/www.wowcontentproduction.com\/\"},{\"@type\":\"ListItem\",\"position\":2,\"name\":\"r\u00f3lunk\"}]},{\"@type\":\"WebSite\",\"@id\":\"https:\/\/www.wowcontentproduction.com\/#website\",\"url\":\"https:\/\/www.wowcontentproduction.com\/\",\"name\":\"Wow Content Production\",\"description\":\"Film, Media, Marketing\",\"publisher\":{\"@id\":\"https:\/\/www.wowcontentproduction.com\/#organization\"},\"potentialAction\":[{\"@type\":\"SearchAction\",\"target\":{\"@type\":\"EntryPoint\",\"urlTemplate\":\"https:\/\/www.wowcontentproduction.com\/?s={search_term_string}\"},\"query-input\":{\"@type\":\"PropertyValueSpecification\",\"valueRequired\":true,\"valueName\":\"search_term_string\"}}],\"inLanguage\":\"en-GB\"},{\"@type\":\"Organization\",\"@id\":\"https:\/\/www.wowcontentproduction.com\/#organization\",\"name\":\"Wow Content Production\",\"url\":\"https:\/\/www.wowcontentproduction.com\/\",\"logo\":{\"@type\":\"ImageObject\",\"inLanguage\":\"en-GB\",\"@id\":\"https:\/\/www.wowcontentproduction.com\/#\/schema\/logo\/image\/\",\"url\":\"https:\/\/www.wowcontentproduction.com\/wp-content\/uploads\/2022\/09\/base_logo_transparent_background.png\",\"contentUrl\":\"https:\/\/www.wowcontentproduction.com\/wp-content\/uploads\/2022\/09\/base_logo_transparent_background.png\",\"width\":3125,\"height\":1875,\"caption\":\"Wow Content Production\"},\"image\":{\"@id\":\"https:\/\/www.wowcontentproduction.com\/#\/schema\/logo\/image\/\"}}]}<\/script>\n<!-- \/ Yoast SEO Premium plugin. -->","yoast_head_json":{"title":"About us | WOW Content Production","description":"Learn about WOW Content Production's vision, mission and greatest value!","robots":{"index":"index","follow":"follow","max-snippet":"max-snippet:-1","max-image-preview":"max-image-preview:large","max-video-preview":"max-video-preview:-1"},"canonical":"https:\/\/www.wowcontentproduction.com\/en\/rolunk\/","og_locale":"en_GB","og_type":"article","og_title":"r\u00f3lunk","og_description":"Ismerd meg a WOW Content Production j\u00f6v\u0151k\u00e9p\u00e9t, k\u00fcldet\u00e9s\u00e9t \u00e9s legnagyobb \u00e9rt\u00e9k\u00e9t!","og_url":"https:\/\/www.wowcontentproduction.com\/en\/rolunk\/","og_site_name":"Wow Content Production","article_modified_time":"2024-09-18T01:45:12+00:00","og_image":[{"url":"https:\/\/www.wowcontentproduction.com\/wp-content\/uploads\/2024\/09\/werk.1.jpg","type":"","width":"","height":""}],"twitter_card":"summary_large_image","twitter_misc":{"Estimated reading time":"2 minutes"},"schema":{"@context":"https:\/\/schema.org","@graph":[{"@type":"WebPage","@id":"https:\/\/www.wowcontentproduction.com\/rolunk\/","url":"https:\/\/www.wowcontentproduction.com\/rolunk\/","name":"About us | WOW Content Production","isPartOf":{"@id":"https:\/\/www.wowcontentproduction.com\/#website"},"primaryImageOfPage":{"@id":"https:\/\/www.wowcontentproduction.com\/rolunk\/#primaryimage"},"image":{"@id":"https:\/\/www.wowcontentproduction.com\/rolunk\/#primaryimage"},"thumbnailUrl":"https:\/\/www.wowcontentproduction.com\/wp-content\/uploads\/2024\/09\/werk.1.jpg","datePublished":"2022-09-13T08:26:36+00:00","dateModified":"2024-09-18T01:45:12+00:00","description":"Learn about WOW Content Production's vision, mission and greatest value!","breadcrumb":{"@id":"https:\/\/www.wowcontentproduction.com\/rolunk\/#breadcrumb"},"inLanguage":"en-GB","potentialAction":[{"@type":"ReadAction","target":["https:\/\/www.wowcontentproduction.com\/rolunk\/"]}]},{"@type":"ImageObject","inLanguage":"en-GB","@id":"https:\/\/www.wowcontentproduction.com\/rolunk\/#primaryimage","url":"https:\/\/www.wowcontentproduction.com\/wp-content\/uploads\/2024\/09\/werk.1.jpg","contentUrl":"https:\/\/www.wowcontentproduction.com\/wp-content\/uploads\/2024\/09\/werk.1.jpg"},{"@type":"BreadcrumbList","@id":"https:\/\/www.wowcontentproduction.com\/rolunk\/#breadcrumb","itemListElement":[{"@type":"ListItem","position":1,"name":"Home","item":"https:\/\/www.wowcontentproduction.com\/"},{"@type":"ListItem","position":2,"name":"r\u00f3lunk"}]},{"@type":"WebSite","@id":"https:\/\/www.wowcontentproduction.com\/#website","url":"https:\/\/www.wowcontentproduction.com\/","name":"Wow Content Production","description":"Film, Media, Marketing","publisher":{"@id":"https:\/\/www.wowcontentproduction.com\/#organization"},"potentialAction":[{"@type":"SearchAction","target":{"@type":"EntryPoint","urlTemplate":"https:\/\/www.wowcontentproduction.com\/?s={search_term_string}"},"query-input":{"@type":"PropertyValueSpecification","valueRequired":true,"valueName":"search_term_string"}}],"inLanguage":"en-GB"},{"@type":"Organization","@id":"https:\/\/www.wowcontentproduction.com\/#organization","name":"Wow Content Production","url":"https:\/\/www.wowcontentproduction.com\/","logo":{"@type":"ImageObject","inLanguage":"en-GB","@id":"https:\/\/www.wowcontentproduction.com\/#\/schema\/logo\/image\/","url":"https:\/\/www.wowcontentproduction.com\/wp-content\/uploads\/2022\/09\/base_logo_transparent_background.png","contentUrl":"https:\/\/www.wowcontentproduction.com\/wp-content\/uploads\/2022\/09\/base_logo_transparent_background.png","width":3125,"height":1875,"caption":"Wow Content Production"},"image":{"@id":"https:\/\/www.wowcontentproduction.com\/#\/schema\/logo\/image\/"}}]}},"_links":{"self":[{"href":"https:\/\/www.wowcontentproduction.com\/en\/wp-json\/wp\/v2\/pages\/1133","targetHints":{"allow":["GET"]}}],"collection":[{"href":"https:\/\/www.wowcontentproduction.com\/en\/wp-json\/wp\/v2\/pages"}],"about":[{"href":"https:\/\/www.wowcontentproduction.com\/en\/wp-json\/wp\/v2\/types\/page"}],"author":[{"embeddable":true,"href":"https:\/\/www.wowcontentproduction.com\/en\/wp-json\/wp\/v2\/users\/1"}],"replies":[{"embeddable":true,"href":"https:\/\/www.wowcontentproduction.com\/en\/wp-json\/wp\/v2\/comments?post=1133"}],"version-history":[{"count":56,"href":"https:\/\/www.wowcontentproduction.com\/en\/wp-json\/wp\/v2\/pages\/1133\/revisions"}],"predecessor-version":[{"id":10773,"href":"https:\/\/www.wowcontentproduction.com\/en\/wp-json\/wp\/v2\/pages\/1133\/revisions\/10773"}],"wp:attachment":[{"href":"https:\/\/www.wowcontentproduction.com\/en\/wp-json\/wp\/v2\/media?parent=1133"}],"curies":[{"name":"wp","href":"https:\/\/api.w.org\/{rel}","templated":true}]}}