{"id":6527,"date":"2023-05-15T16:44:00","date_gmt":"2023-05-15T16:44:00","guid":{"rendered":"https:\/\/www.wowcontentproduction.com\/?page_id=6527"},"modified":"2025-11-04T17:30:35","modified_gmt":"2025-11-04T17:30:35","slug":"referenzen-fur-videokassettenspieler","status":"publish","type":"page","link":"https:\/\/www.wowcontentproduction.com\/at\/referenzknotenpunkt\/referenzen-fur-videokassettenspieler\/","title":{"rendered":"Referenz"},"content":{"rendered":"<div data-elementor-type=\"wp-page\" data-elementor-id=\"6527\" class=\"elementor elementor-6527\" data-elementor-post-type=\"page\">\n\t\t\t\t\t\t<section data-dce-background-color=\"#FFFFFF\" class=\"elementor-section elementor-top-section elementor-element elementor-element-0cb6fe7 elementor-section-height-min-height elementor-section-boxed elementor-section-height-default elementor-section-items-middle\" data-id=\"0cb6fe7\" data-element_type=\"section\" data-settings=\"{&quot;background_background&quot;:&quot;classic&quot;}\">\n\t\t\t\t\t\t\t<div class=\"elementor-background-overlay\"><\/div>\n\t\t\t\t\t\t\t<div class=\"elementor-container elementor-column-gap-no\">\n\t\t\t\t\t<div class=\"elementor-column elementor-col-100 elementor-top-column elementor-element elementor-element-4afd672\" data-id=\"4afd672\" data-element_type=\"column\">\n\t\t\t<div class=\"elementor-widget-wrap elementor-element-populated\">\n\t\t\t\t\t\t<div data-dce-title-color=\"#333333\" class=\"elementor-element elementor-element-2c00116 elementor-widget elementor-widget-heading\" data-id=\"2c00116\" data-element_type=\"widget\" data-widget_type=\"heading.default\">\n\t\t\t\t<div class=\"elementor-widget-container\">\n\t\t\t\t\t<h2 class=\"elementor-heading-title elementor-size-default\">Unsere Referenzseiten werden derzeit \u00fcberarbeitet, um noch besser zu zeigen, was wir k\u00f6nnen.<\/h2>\t\t\t\t<\/div>\n\t\t\t\t<\/div>\n\t\t\t\t<div class=\"elementor-element elementor-element-df1bb8d elementor-widget elementor-widget-spacer\" data-id=\"df1bb8d\" data-element_type=\"widget\" data-widget_type=\"spacer.default\">\n\t\t\t\t<div class=\"elementor-widget-container\">\n\t\t\t\t\t\t\t<div class=\"elementor-spacer\">\n\t\t\t<div class=\"elementor-spacer-inner\"><\/div>\n\t\t<\/div>\n\t\t\t\t\t\t<\/div>\n\t\t\t\t<\/div>\n\t\t\t\t<div data-dce-title-color=\"#333333\" class=\"elementor-element elementor-element-0135f81 elementor-widget elementor-widget-heading\" data-id=\"0135f81\" data-element_type=\"widget\" data-widget_type=\"heading.default\">\n\t\t\t\t<div class=\"elementor-widget-container\">\n\t\t\t\t\t<h2 class=\"elementor-heading-title elementor-size-default\">In der Zwischenzeit k\u00f6nnen Sie sich einige unserer Projekte auf unserem YouTube-Kanal ansehen:<\/h2>\t\t\t\t<\/div>\n\t\t\t\t<\/div>\n\t\t\t\t<div class=\"elementor-element elementor-element-719fe4b elementor-widget elementor-widget-spacer\" data-id=\"719fe4b\" data-element_type=\"widget\" data-widget_type=\"spacer.default\">\n\t\t\t\t<div class=\"elementor-widget-container\">\n\t\t\t\t\t\t\t<div class=\"elementor-spacer\">\n\t\t\t<div class=\"elementor-spacer-inner\"><\/div>\n\t\t<\/div>\n\t\t\t\t\t\t<\/div>\n\t\t\t\t<\/div>\n\t\t\t\t<div data-dce-background-color=\"#FFCC00\" class=\"elementor-element elementor-element-aeef940 elementor-align-center elementor-widget elementor-widget-button\" data-id=\"aeef940\" data-element_type=\"widget\" data-widget_type=\"button.default\">\n\t\t\t\t<div class=\"elementor-widget-container\">\n\t\t\t\t\t\t\t\t\t<div class=\"elementor-button-wrapper\">\n\t\t\t\t\t<a class=\"elementor-button elementor-button-link elementor-size-sm\" href=\"https:\/\/www.youtube.com\/@wowcontentproduction\">\n\t\t\t\t\t\t<span class=\"elementor-button-content-wrapper\">\n\t\t\t\t\t\t\t\t\t<span class=\"elementor-button-text\">WOW Content Production YouTube-Kanal<\/span>\n\t\t\t\t\t<\/span>\n\t\t\t\t\t<\/a>\n\t\t\t\t<\/div>\n\t\t\t\t\t\t\t\t<\/div>\n\t\t\t\t<\/div>\n\t\t\t\t\t<\/div>\n\t\t<\/div>\n\t\t\t\t\t<\/div>\n\t\t<\/section>\n\t\t\t\t<\/div>","protected":false},"excerpt":{"rendered":"<p>A referenciaoldalunk \u00e9ppen meg\u00fajul, hogy m\u00e9g jobban bemutassuk, mit tudunk. Addig is n\u00e9zd meg n\u00e9h\u00e1ny projekt\u00fcnket a YouTube-csatorn\u00e1nkon: WOW Content Production YouTube csatorna<\/p>","protected":false},"author":1,"featured_media":0,"parent":6401,"menu_order":0,"comment_status":"closed","ping_status":"closed","template":"elementor_header_footer","meta":{"site-sidebar-layout":"no-sidebar","site-content-layout":"page-builder","ast-site-content-layout":"full-width-container","site-content-style":"unboxed","site-sidebar-style":"unboxed","ast-global-header-display":"","ast-banner-title-visibility":"","ast-main-header-display":"","ast-hfb-above-header-display":"","ast-hfb-below-header-display":"","ast-hfb-mobile-header-display":"","site-post-title":"disabled","ast-breadcrumbs-content":"","ast-featured-img":"disabled","footer-sml-layout":"","theme-transparent-header-meta":"","adv-header-id-meta":"","stick-header-meta":"","header-above-stick-meta":"","header-main-stick-meta":"","header-below-stick-meta":"","astra-migrate-meta-layouts":"set","ast-page-background-enabled":"default","ast-page-background-meta":{"desktop":{"background-color":"var(--ast-global-color-4)","background-image":"","background-repeat":"repeat","background-position":"center center","background-size":"auto","background-attachment":"scroll","background-type":"","background-media":"","overlay-type":"","overlay-color":"","overlay-opacity":"","overlay-gradient":""},"tablet":{"background-color":"","background-image":"","background-repeat":"repeat","background-position":"center center","background-size":"auto","background-attachment":"scroll","background-type":"","background-media":"","overlay-type":"","overlay-color":"","overlay-opacity":"","overlay-gradient":""},"mobile":{"background-color":"","background-image":"","background-repeat":"repeat","background-position":"center center","background-size":"auto","background-attachment":"scroll","background-type":"","background-media":"","overlay-type":"","overlay-color":"","overlay-opacity":"","overlay-gradient":""}},"ast-content-background-meta":{"desktop":{"background-color":"var(--ast-global-color-5)","background-image":"","background-repeat":"repeat","background-position":"center center","background-size":"auto","background-attachment":"scroll","background-type":"","background-media":"","overlay-type":"","overlay-color":"","overlay-opacity":"","overlay-gradient":""},"tablet":{"background-color":"var(--ast-global-color-5)","background-image":"","background-repeat":"repeat","background-position":"center center","background-size":"auto","background-attachment":"scroll","background-type":"","background-media":"","overlay-type":"","overlay-color":"","overlay-opacity":"","overlay-gradient":""},"mobile":{"background-color":"var(--ast-global-color-5)","background-image":"","background-repeat":"repeat","background-position":"center center","background-size":"auto","background-attachment":"scroll","background-type":"","background-media":"","overlay-type":"","overlay-color":"","overlay-opacity":"","overlay-gradient":""}},"footnotes":""},"class_list":["post-6527","page","type-page","status-publish","hentry"],"yoast_head":"<!-- This site is optimized with the Yoast SEO Premium plugin v26.2 (Yoast SEO v26.3) - https:\/\/yoast.com\/wordpress\/plugins\/seo\/ -->\n<title>Vide\u00f3 k\u00e9sz\u00edt\u00e9s K\u00f6z\u00f6ss\u00e9gi M\u00e9dia oldalakra c\u00e9geknek - Referenci\u00e1k<\/title>\n<meta name=\"description\" content=\"Ezen az oldalon megtekintheti c\u00e9gek sz\u00e1m\u00e1ra k\u00e9sz\u00edtett vide\u00f3s k\u00f6z\u00f6ss\u00e9gi m\u00e9dia tartamlakainak, amib\u0151l \u00f6tleteket mer\u00edthet!\" \/>\n<meta name=\"robots\" content=\"index, follow, max-snippet:-1, max-image-preview:large, max-video-preview:-1\" \/>\n<link rel=\"canonical\" href=\"https:\/\/www.wowcontentproduction.com\/at\/referenzknotenpunkt\/referenzen-fur-videokassettenspieler\/\" \/>\n<meta property=\"og:locale\" content=\"de_DE\" \/>\n<meta property=\"og:type\" content=\"article\" \/>\n<meta property=\"og:title\" content=\"referenciak\" \/>\n<meta property=\"og:description\" content=\"Ezen az oldalon megtekintheti c\u00e9gek sz\u00e1m\u00e1ra k\u00e9sz\u00edtett vide\u00f3s k\u00f6z\u00f6ss\u00e9gi m\u00e9dia tartamlakainak, amib\u0151l \u00f6tleteket mer\u00edthet!\" \/>\n<meta property=\"og:url\" content=\"https:\/\/www.wowcontentproduction.com\/at\/referenzknotenpunkt\/referenzen-fur-videokassettenspieler\/\" \/>\n<meta property=\"og:site_name\" content=\"Wow Content Production\" \/>\n<meta property=\"article:modified_time\" content=\"2025-11-04T17:30:35+00:00\" \/>\n<meta name=\"twitter:card\" content=\"summary_large_image\" \/>\n<meta name=\"twitter:label1\" content=\"Gesch\u00e4tzte Lesezeit\" \/>\n\t<meta name=\"twitter:data1\" content=\"1 Minute\" \/>\n<script type=\"application\/ld+json\" class=\"yoast-schema-graph\">{\"@context\":\"https:\/\/schema.org\",\"@graph\":[{\"@type\":\"WebPage\",\"@id\":\"https:\/\/www.wowcontentproduction.com\/referencia-kozpont\/videokeszites-cegeknek-referenciak\/\",\"url\":\"https:\/\/www.wowcontentproduction.com\/referencia-kozpont\/videokeszites-cegeknek-referenciak\/\",\"name\":\"Vide\u00f3 k\u00e9sz\u00edt\u00e9s K\u00f6z\u00f6ss\u00e9gi M\u00e9dia oldalakra c\u00e9geknek - Referenci\u00e1k\",\"isPartOf\":{\"@id\":\"https:\/\/www.wowcontentproduction.com\/#website\"},\"datePublished\":\"2023-05-15T16:44:00+00:00\",\"dateModified\":\"2025-11-04T17:30:35+00:00\",\"description\":\"Ezen az oldalon megtekintheti c\u00e9gek sz\u00e1m\u00e1ra k\u00e9sz\u00edtett vide\u00f3s k\u00f6z\u00f6ss\u00e9gi m\u00e9dia tartamlakainak, amib\u0151l \u00f6tleteket mer\u00edthet!\",\"breadcrumb\":{\"@id\":\"https:\/\/www.wowcontentproduction.com\/referencia-kozpont\/videokeszites-cegeknek-referenciak\/#breadcrumb\"},\"inLanguage\":\"de-AT\",\"potentialAction\":[{\"@type\":\"ReadAction\",\"target\":[\"https:\/\/www.wowcontentproduction.com\/referencia-kozpont\/videokeszites-cegeknek-referenciak\/\"]}]},{\"@type\":\"BreadcrumbList\",\"@id\":\"https:\/\/www.wowcontentproduction.com\/referencia-kozpont\/videokeszites-cegeknek-referenciak\/#breadcrumb\",\"itemListElement\":[{\"@type\":\"ListItem\",\"position\":1,\"name\":\"Home\",\"item\":\"https:\/\/www.wowcontentproduction.com\/\"},{\"@type\":\"ListItem\",\"position\":2,\"name\":\"Referencia k\u00f6zpont\",\"item\":\"https:\/\/www.wowcontentproduction.com\/referencia-kozpont\/\"},{\"@type\":\"ListItem\",\"position\":3,\"name\":\"referenciak\"}]},{\"@type\":\"WebSite\",\"@id\":\"https:\/\/www.wowcontentproduction.com\/#website\",\"url\":\"https:\/\/www.wowcontentproduction.com\/\",\"name\":\"Wow Content Production\",\"description\":\"Film, Media, Marketing\",\"publisher\":{\"@id\":\"https:\/\/www.wowcontentproduction.com\/#organization\"},\"potentialAction\":[{\"@type\":\"SearchAction\",\"target\":{\"@type\":\"EntryPoint\",\"urlTemplate\":\"https:\/\/www.wowcontentproduction.com\/?s={search_term_string}\"},\"query-input\":{\"@type\":\"PropertyValueSpecification\",\"valueRequired\":true,\"valueName\":\"search_term_string\"}}],\"inLanguage\":\"de-AT\"},{\"@type\":\"Organization\",\"@id\":\"https:\/\/www.wowcontentproduction.com\/#organization\",\"name\":\"Wow Content Production\",\"url\":\"https:\/\/www.wowcontentproduction.com\/\",\"logo\":{\"@type\":\"ImageObject\",\"inLanguage\":\"de-AT\",\"@id\":\"https:\/\/www.wowcontentproduction.com\/#\/schema\/logo\/image\/\",\"url\":\"https:\/\/www.wowcontentproduction.com\/wp-content\/uploads\/2022\/09\/base_logo_transparent_background.png\",\"contentUrl\":\"https:\/\/www.wowcontentproduction.com\/wp-content\/uploads\/2022\/09\/base_logo_transparent_background.png\",\"width\":3125,\"height\":1875,\"caption\":\"Wow Content Production\"},\"image\":{\"@id\":\"https:\/\/www.wowcontentproduction.com\/#\/schema\/logo\/image\/\"}}]}<\/script>\n<!-- \/ Yoast SEO Premium plugin. -->","yoast_head_json":{"title":"Videoproduktion f\u00fcr Social Media Seiten f\u00fcr Unternehmen - Referenzen","description":"Auf dieser Seite k\u00f6nnen Sie Videos mit Social-Media-Inhalten f\u00fcr Unternehmen ansehen, um sich Anregungen zu holen!","robots":{"index":"index","follow":"follow","max-snippet":"max-snippet:-1","max-image-preview":"max-image-preview:large","max-video-preview":"max-video-preview:-1"},"canonical":"https:\/\/www.wowcontentproduction.com\/at\/referenzknotenpunkt\/referenzen-fur-videokassettenspieler\/","og_locale":"de_DE","og_type":"article","og_title":"referenciak","og_description":"Ezen az oldalon megtekintheti c\u00e9gek sz\u00e1m\u00e1ra k\u00e9sz\u00edtett vide\u00f3s k\u00f6z\u00f6ss\u00e9gi m\u00e9dia tartamlakainak, amib\u0151l \u00f6tleteket mer\u00edthet!","og_url":"https:\/\/www.wowcontentproduction.com\/at\/referenzknotenpunkt\/referenzen-fur-videokassettenspieler\/","og_site_name":"Wow Content Production","article_modified_time":"2025-11-04T17:30:35+00:00","twitter_card":"summary_large_image","twitter_misc":{"Gesch\u00e4tzte Lesezeit":"1 Minute"},"schema":{"@context":"https:\/\/schema.org","@graph":[{"@type":"WebPage","@id":"https:\/\/www.wowcontentproduction.com\/referencia-kozpont\/videokeszites-cegeknek-referenciak\/","url":"https:\/\/www.wowcontentproduction.com\/referencia-kozpont\/videokeszites-cegeknek-referenciak\/","name":"Videoproduktion f\u00fcr Social Media Seiten f\u00fcr Unternehmen - Referenzen","isPartOf":{"@id":"https:\/\/www.wowcontentproduction.com\/#website"},"datePublished":"2023-05-15T16:44:00+00:00","dateModified":"2025-11-04T17:30:35+00:00","description":"Auf dieser Seite k\u00f6nnen Sie Videos mit Social-Media-Inhalten f\u00fcr Unternehmen ansehen, um sich Anregungen zu holen!","breadcrumb":{"@id":"https:\/\/www.wowcontentproduction.com\/referencia-kozpont\/videokeszites-cegeknek-referenciak\/#breadcrumb"},"inLanguage":"de-AT","potentialAction":[{"@type":"ReadAction","target":["https:\/\/www.wowcontentproduction.com\/referencia-kozpont\/videokeszites-cegeknek-referenciak\/"]}]},{"@type":"BreadcrumbList","@id":"https:\/\/www.wowcontentproduction.com\/referencia-kozpont\/videokeszites-cegeknek-referenciak\/#breadcrumb","itemListElement":[{"@type":"ListItem","position":1,"name":"Home","item":"https:\/\/www.wowcontentproduction.com\/"},{"@type":"ListItem","position":2,"name":"Referencia k\u00f6zpont","item":"https:\/\/www.wowcontentproduction.com\/referencia-kozpont\/"},{"@type":"ListItem","position":3,"name":"referenciak"}]},{"@type":"WebSite","@id":"https:\/\/www.wowcontentproduction.com\/#website","url":"https:\/\/www.wowcontentproduction.com\/","name":"Produktion von Wow-Inhalten","description":"Film, Medien, Marketing","publisher":{"@id":"https:\/\/www.wowcontentproduction.com\/#organization"},"potentialAction":[{"@type":"SearchAction","target":{"@type":"EntryPoint","urlTemplate":"https:\/\/www.wowcontentproduction.com\/?s={search_term_string}"},"query-input":{"@type":"PropertyValueSpecification","valueRequired":true,"valueName":"search_term_string"}}],"inLanguage":"de-AT"},{"@type":"Organization","@id":"https:\/\/www.wowcontentproduction.com\/#organization","name":"Produktion von Wow-Inhalten","url":"https:\/\/www.wowcontentproduction.com\/","logo":{"@type":"ImageObject","inLanguage":"de-AT","@id":"https:\/\/www.wowcontentproduction.com\/#\/schema\/logo\/image\/","url":"https:\/\/www.wowcontentproduction.com\/wp-content\/uploads\/2022\/09\/base_logo_transparent_background.png","contentUrl":"https:\/\/www.wowcontentproduction.com\/wp-content\/uploads\/2022\/09\/base_logo_transparent_background.png","width":3125,"height":1875,"caption":"Wow Content Production"},"image":{"@id":"https:\/\/www.wowcontentproduction.com\/#\/schema\/logo\/image\/"}}]}},"_links":{"self":[{"href":"https:\/\/www.wowcontentproduction.com\/at\/wp-json\/wp\/v2\/pages\/6527","targetHints":{"allow":["GET"]}}],"collection":[{"href":"https:\/\/www.wowcontentproduction.com\/at\/wp-json\/wp\/v2\/pages"}],"about":[{"href":"https:\/\/www.wowcontentproduction.com\/at\/wp-json\/wp\/v2\/types\/page"}],"author":[{"embeddable":true,"href":"https:\/\/www.wowcontentproduction.com\/at\/wp-json\/wp\/v2\/users\/1"}],"replies":[{"embeddable":true,"href":"https:\/\/www.wowcontentproduction.com\/at\/wp-json\/wp\/v2\/comments?post=6527"}],"version-history":[{"count":394,"href":"https:\/\/www.wowcontentproduction.com\/at\/wp-json\/wp\/v2\/pages\/6527\/revisions"}],"predecessor-version":[{"id":11094,"href":"https:\/\/www.wowcontentproduction.com\/at\/wp-json\/wp\/v2\/pages\/6527\/revisions\/11094"}],"up":[{"embeddable":true,"href":"https:\/\/www.wowcontentproduction.com\/at\/wp-json\/wp\/v2\/pages\/6401"}],"wp:attachment":[{"href":"https:\/\/www.wowcontentproduction.com\/at\/wp-json\/wp\/v2\/media?parent=6527"}],"curies":[{"name":"wp","href":"https:\/\/api.w.org\/{rel}","templated":true}]}}