{"id":2622,"date":"2022-10-11T16:10:23","date_gmt":"2022-10-11T16:10:23","guid":{"rendered":"https:\/\/www.wowcontentproduction.com\/?page_id=2622"},"modified":"2024-04-08T21:03:30","modified_gmt":"2024-04-08T21:03:30","slug":"impressum","status":"publish","type":"page","link":"https:\/\/www.wowcontentproduction.com\/at\/impressum\/","title":{"rendered":"Impressum"},"content":{"rendered":"<div data-elementor-type=\"wp-page\" data-elementor-id=\"2622\" class=\"elementor elementor-2622\" data-elementor-post-type=\"page\">\n\t\t\t\t\t\t<section class=\"elementor-section elementor-top-section elementor-element elementor-element-293ce48 elementor-section-full_width elementor-section-height-default elementor-section-height-default\" data-id=\"293ce48\" data-element_type=\"section\">\n\t\t\t\t\t\t<div class=\"elementor-container elementor-column-gap-no\">\n\t\t\t\t\t<div class=\"elementor-column elementor-col-100 elementor-top-column elementor-element elementor-element-5e57ede\" data-id=\"5e57ede\" data-element_type=\"column\">\n\t\t\t<div class=\"elementor-widget-wrap\">\n\t\t\t\t\t\t\t<\/div>\n\t\t<\/div>\n\t\t\t\t\t<\/div>\n\t\t<\/section>\n\t\t\t\t<section class=\"elementor-section elementor-top-section elementor-element elementor-element-114aa3f elementor-section-boxed elementor-section-height-default elementor-section-height-default\" data-id=\"114aa3f\" data-element_type=\"section\">\n\t\t\t\t\t\t<div class=\"elementor-container elementor-column-gap-default\">\n\t\t\t\t\t<div class=\"elementor-column elementor-col-100 elementor-top-column elementor-element elementor-element-1ee3ebd\" data-id=\"1ee3ebd\" data-element_type=\"column\">\n\t\t\t<div class=\"elementor-widget-wrap elementor-element-populated\">\n\t\t\t\t\t\t<div class=\"elementor-element elementor-element-d3acfa2 elementor-widget elementor-widget-spacer\" data-id=\"d3acfa2\" data-element_type=\"widget\" data-widget_type=\"spacer.default\">\n\t\t\t\t<div class=\"elementor-widget-container\">\n\t\t\t\t\t\t\t<div class=\"elementor-spacer\">\n\t\t\t<div class=\"elementor-spacer-inner\"><\/div>\n\t\t<\/div>\n\t\t\t\t\t\t<\/div>\n\t\t\t\t<\/div>\n\t\t\t\t<div class=\"elementor-element elementor-element-1bc261e elementor-widget elementor-widget-heading\" data-id=\"1bc261e\" data-element_type=\"widget\" data-widget_type=\"heading.default\">\n\t\t\t\t<div class=\"elementor-widget-container\">\n\t\t\t\t\t<h2 class=\"elementor-heading-title elementor-size-default\">Impressum<\/h2>\t\t\t\t<\/div>\n\t\t\t\t<\/div>\n\t\t\t\t<div class=\"elementor-element elementor-element-b244973 elementor-widget elementor-widget-spacer\" data-id=\"b244973\" data-element_type=\"widget\" data-widget_type=\"spacer.default\">\n\t\t\t\t<div class=\"elementor-widget-container\">\n\t\t\t\t\t\t\t<div class=\"elementor-spacer\">\n\t\t\t<div class=\"elementor-spacer-inner\"><\/div>\n\t\t<\/div>\n\t\t\t\t\t\t<\/div>\n\t\t\t\t<\/div>\n\t\t\t\t\t<\/div>\n\t\t<\/div>\n\t\t\t\t\t<\/div>\n\t\t<\/section>\n\t\t\t\t<section class=\"elementor-section elementor-top-section elementor-element elementor-element-703fb16 elementor-section-boxed elementor-section-height-default elementor-section-height-default\" data-id=\"703fb16\" data-element_type=\"section\">\n\t\t\t\t\t\t<div class=\"elementor-container elementor-column-gap-default\">\n\t\t\t\t\t<div class=\"elementor-column elementor-col-100 elementor-top-column elementor-element elementor-element-0d54617\" data-id=\"0d54617\" data-element_type=\"column\">\n\t\t\t<div class=\"elementor-widget-wrap elementor-element-populated\">\n\t\t\t\t\t\t<div class=\"elementor-element elementor-element-7d19e6d elementor-widget elementor-widget-text-editor\" data-id=\"7d19e6d\" data-element_type=\"widget\" data-widget_type=\"text-editor.default\">\n\t\t\t\t<div class=\"elementor-widget-container\">\n\t\t\t\t\t\t\t\t\t<p style=\"font-weight: 400;\">Die Website wird verwaltet von:<\/p><p style=\"font-weight: 400;\"><strong style=\"font-style: inherit; color: var( --e-global-color-1d443c0 );\">Name:<\/strong><span style=\"font-style: inherit; color: var( --e-global-color-1d443c0 ); background-color: var(--ast-global-color-5);\">\u00a0WOW Content Production Ltd.<\/span><\/p><p style=\"font-weight: 400;\"><strong style=\"font-style: inherit; color: var( --e-global-color-1d443c0 );\">Sitz:<\/strong><span style=\"font-style: inherit; color: var( --e-global-color-1d443c0 ); background-color: var(--ast-global-color-5);\">\u00a01068 Budapest, Kir\u00e1ly utca 80. fszt. 11.<\/span><\/p><p style=\"font-weight: 400;\"><strong>Registrierungsnummer des Unternehmens:\u00a0<\/strong>01-09-404824<\/p><p style=\"font-weight: 400;\"><strong>Steuernummer:<\/strong>\u00a032058992-2-42<\/p><p style=\"font-weight: 400;\"><strong>Steuernummer der Gemeinschaft:<\/strong>\u00a0HU32058992<\/p><p style=\"font-weight: 400;\"><strong style=\"font-style: inherit; color: var( --e-global-color-1d443c0 );\">Vertreten durch:<\/strong><span style=\"font-style: inherit; color: var( --e-global-color-1d443c0 ); background-color: var(--ast-global-color-5);\">\u00a0Tibor Tomas\u00f3czki<\/span><\/p><p><b>Telefon:<\/b><span style=\"font-weight: 400;\"> +36 30 289 0651<\/span><\/p><p><b>E-Mail:<\/b><span style=\"font-weight: 400;\"> info@wowcontentproduction.com<\/span><\/p><p><strong style=\"font-style: inherit; color: var( --e-global-color-1d443c0 );\">\u00a0<\/strong><\/p><p><strong style=\"font-style: inherit; color: var( --e-global-color-1d443c0 );\">Name des Dienstanbieters:<\/strong><span style=\"font-style: inherit; color: var( --e-global-color-1d443c0 ); background-color: var(--ast-global-color-5);\"> Sybell Informatika Ltd.<\/span><\/p><p><strong style=\"font-style: inherit; color: var( --e-global-color-1d443c0 );\">Sitz:<\/strong><span style=\"font-style: inherit; color: var( --e-global-color-1d443c0 ); background-color: var(--ast-global-color-5);\"> 1158 Budapest, K\u00e9sm\u00e1rk u. 7\/B 2. Stock 206.<\/span><\/p><p><b style=\"font-style: inherit; color: var( --e-global-color-1d443c0 );\">B\u00fcro des Kundendienstes:<\/b><span style=\"font-style: inherit; color: var( --e-global-color-1d443c0 );\"> 1158 Budapest, K\u00e9sm\u00e1rk u. 7\/B 2. Stock 206.<\/span><\/p><p><b style=\"font-style: inherit; color: var( --e-global-color-1d443c0 );\">E-Mail Adresse:<\/b><span style=\"font-style: inherit; color: var( --e-global-color-1d443c0 ); background-color: var(--ast-global-color-5);\"> hello@sybell.hu<\/span><\/p><p><b style=\"font-style: inherit; color: var( --e-global-color-1d443c0 );\">Rufnummer:<\/b><span style=\"font-style: inherit; color: var( --e-global-color-1d443c0 );\"> +36 1 707 67 26<\/span><\/p>\t\t\t\t\t\t\t\t<\/div>\n\t\t\t\t<\/div>\n\t\t\t\t\t<\/div>\n\t\t<\/div>\n\t\t\t\t\t<\/div>\n\t\t<\/section>\n\t\t\t\t<\/div>","protected":false},"excerpt":{"rendered":"<p>Impressum Die Website wird unterhalten von: Name: WOW Content Production Kft. WOW Publications Produktionsgesellschaft WOW Production Produktionsgesellschaft. 11. registrierte Firmennummer: 01-09-404824 Steuernummer: 32058992-2-42 Gemeinschaftssteuernummer: HU32058992 Vertreter. Hauptsitz: 1158 Budapest, K\u00e9sm\u00e1rk u. 7\/B 2. Stock 206. Kundendienstb\u00fcro: 1158 Budapest, K\u00e9sm\u00e1rk u. 7\/B 2. Stock 206.<\/p>","protected":false},"author":1,"featured_media":0,"parent":0,"menu_order":0,"comment_status":"closed","ping_status":"closed","template":"elementor_header_footer","meta":{"site-sidebar-layout":"no-sidebar","site-content-layout":"page-builder","ast-site-content-layout":"","site-content-style":"default","site-sidebar-style":"default","ast-global-header-display":"disabled","ast-banner-title-visibility":"","ast-main-header-display":"","ast-hfb-above-header-display":"","ast-hfb-below-header-display":"","ast-hfb-mobile-header-display":"","site-post-title":"disabled","ast-breadcrumbs-content":"","ast-featured-img":"disabled","footer-sml-layout":"disabled","theme-transparent-header-meta":"","adv-header-id-meta":"","stick-header-meta":"","header-above-stick-meta":"","header-main-stick-meta":"","header-below-stick-meta":"","astra-migrate-meta-layouts":"default","ast-page-background-enabled":"default","ast-page-background-meta":{"desktop":{"background-color":"var(--ast-global-color-4)","background-image":"","background-repeat":"repeat","background-position":"center center","background-size":"auto","background-attachment":"scroll","background-type":"","background-media":"","overlay-type":"","overlay-color":"","overlay-opacity":"","overlay-gradient":""},"tablet":{"background-color":"","background-image":"","background-repeat":"repeat","background-position":"center center","background-size":"auto","background-attachment":"scroll","background-type":"","background-media":"","overlay-type":"","overlay-color":"","overlay-opacity":"","overlay-gradient":""},"mobile":{"background-color":"","background-image":"","background-repeat":"repeat","background-position":"center center","background-size":"auto","background-attachment":"scroll","background-type":"","background-media":"","overlay-type":"","overlay-color":"","overlay-opacity":"","overlay-gradient":""}},"ast-content-background-meta":{"desktop":{"background-color":"var(--ast-global-color-5)","background-image":"","background-repeat":"repeat","background-position":"center center","background-size":"auto","background-attachment":"scroll","background-type":"","background-media":"","overlay-type":"","overlay-color":"","overlay-opacity":"","overlay-gradient":""},"tablet":{"background-color":"var(--ast-global-color-5)","background-image":"","background-repeat":"repeat","background-position":"center center","background-size":"auto","background-attachment":"scroll","background-type":"","background-media":"","overlay-type":"","overlay-color":"","overlay-opacity":"","overlay-gradient":""},"mobile":{"background-color":"var(--ast-global-color-5)","background-image":"","background-repeat":"repeat","background-position":"center center","background-size":"auto","background-attachment":"scroll","background-type":"","background-media":"","overlay-type":"","overlay-color":"","overlay-opacity":"","overlay-gradient":""}},"footnotes":""},"class_list":["post-2622","page","type-page","status-publish","hentry"],"yoast_head":"<!-- This site is optimized with the Yoast SEO Premium plugin v26.2 (Yoast SEO v26.3) - https:\/\/yoast.com\/wordpress\/plugins\/seo\/ -->\n<title>Impresszum | Wow Content Production<\/title>\n<meta name=\"description\" content=\"Impresszum | WOW Content Production\" \/>\n<meta name=\"robots\" content=\"noindex, nofollow\" \/>\n<meta property=\"og:locale\" content=\"de_DE\" \/>\n<meta property=\"og:type\" content=\"article\" \/>\n<meta property=\"og:title\" content=\"Impresszum\" \/>\n<meta property=\"og:description\" content=\"Impresszum | WOW Content Production\" \/>\n<meta property=\"og:url\" content=\"https:\/\/www.wowcontentproduction.com\/at\/impressum\/\" \/>\n<meta property=\"og:site_name\" content=\"Wow Content Production\" \/>\n<meta property=\"article:modified_time\" content=\"2024-04-08T21:03:30+00:00\" \/>\n<meta name=\"twitter:card\" content=\"summary_large_image\" \/>\n<meta name=\"twitter:label1\" content=\"Gesch\u00e4tzte Lesezeit\" \/>\n\t<meta name=\"twitter:data1\" content=\"1 Minute\" \/>\n<script type=\"application\/ld+json\" class=\"yoast-schema-graph\">{\"@context\":\"https:\/\/schema.org\",\"@graph\":[{\"@type\":\"WebPage\",\"@id\":\"https:\/\/www.wowcontentproduction.com\/impresszum\/\",\"url\":\"https:\/\/www.wowcontentproduction.com\/impresszum\/\",\"name\":\"Impresszum | Wow Content Production\",\"isPartOf\":{\"@id\":\"https:\/\/www.wowcontentproduction.com\/#website\"},\"datePublished\":\"2022-10-11T16:10:23+00:00\",\"dateModified\":\"2024-04-08T21:03:30+00:00\",\"description\":\"Impresszum | WOW Content Production\",\"breadcrumb\":{\"@id\":\"https:\/\/www.wowcontentproduction.com\/impresszum\/#breadcrumb\"},\"inLanguage\":\"de-AT\",\"potentialAction\":[{\"@type\":\"ReadAction\",\"target\":[\"https:\/\/www.wowcontentproduction.com\/impresszum\/\"]}]},{\"@type\":\"BreadcrumbList\",\"@id\":\"https:\/\/www.wowcontentproduction.com\/impresszum\/#breadcrumb\",\"itemListElement\":[{\"@type\":\"ListItem\",\"position\":1,\"name\":\"Home\",\"item\":\"https:\/\/www.wowcontentproduction.com\/\"},{\"@type\":\"ListItem\",\"position\":2,\"name\":\"Impresszum\"}]},{\"@type\":\"WebSite\",\"@id\":\"https:\/\/www.wowcontentproduction.com\/#website\",\"url\":\"https:\/\/www.wowcontentproduction.com\/\",\"name\":\"Wow Content Production\",\"description\":\"Film, Media, Marketing\",\"publisher\":{\"@id\":\"https:\/\/www.wowcontentproduction.com\/#organization\"},\"potentialAction\":[{\"@type\":\"SearchAction\",\"target\":{\"@type\":\"EntryPoint\",\"urlTemplate\":\"https:\/\/www.wowcontentproduction.com\/?s={search_term_string}\"},\"query-input\":{\"@type\":\"PropertyValueSpecification\",\"valueRequired\":true,\"valueName\":\"search_term_string\"}}],\"inLanguage\":\"de-AT\"},{\"@type\":\"Organization\",\"@id\":\"https:\/\/www.wowcontentproduction.com\/#organization\",\"name\":\"Wow Content Production\",\"url\":\"https:\/\/www.wowcontentproduction.com\/\",\"logo\":{\"@type\":\"ImageObject\",\"inLanguage\":\"de-AT\",\"@id\":\"https:\/\/www.wowcontentproduction.com\/#\/schema\/logo\/image\/\",\"url\":\"https:\/\/www.wowcontentproduction.com\/wp-content\/uploads\/2022\/09\/base_logo_transparent_background.png\",\"contentUrl\":\"https:\/\/www.wowcontentproduction.com\/wp-content\/uploads\/2022\/09\/base_logo_transparent_background.png\",\"width\":3125,\"height\":1875,\"caption\":\"Wow Content Production\"},\"image\":{\"@id\":\"https:\/\/www.wowcontentproduction.com\/#\/schema\/logo\/image\/\"}}]}<\/script>\n<!-- \/ Yoast SEO Premium plugin. -->","yoast_head_json":{"title":"Impresszum | Wow Content Produktion","description":"Impresszum | WOW Content Produktion","robots":{"index":"noindex","follow":"nofollow"},"og_locale":"de_DE","og_type":"article","og_title":"Impresszum","og_description":"Impresszum | WOW Content Production","og_url":"https:\/\/www.wowcontentproduction.com\/at\/impressum\/","og_site_name":"Wow Content Production","article_modified_time":"2024-04-08T21:03:30+00:00","twitter_card":"summary_large_image","twitter_misc":{"Gesch\u00e4tzte Lesezeit":"1 Minute"},"schema":{"@context":"https:\/\/schema.org","@graph":[{"@type":"WebPage","@id":"https:\/\/www.wowcontentproduction.com\/impresszum\/","url":"https:\/\/www.wowcontentproduction.com\/impresszum\/","name":"Impresszum | Wow Content Produktion","isPartOf":{"@id":"https:\/\/www.wowcontentproduction.com\/#website"},"datePublished":"2022-10-11T16:10:23+00:00","dateModified":"2024-04-08T21:03:30+00:00","description":"Impresszum | WOW Content Produktion","breadcrumb":{"@id":"https:\/\/www.wowcontentproduction.com\/impresszum\/#breadcrumb"},"inLanguage":"de-AT","potentialAction":[{"@type":"ReadAction","target":["https:\/\/www.wowcontentproduction.com\/impresszum\/"]}]},{"@type":"BreadcrumbList","@id":"https:\/\/www.wowcontentproduction.com\/impresszum\/#breadcrumb","itemListElement":[{"@type":"ListItem","position":1,"name":"Home","item":"https:\/\/www.wowcontentproduction.com\/"},{"@type":"ListItem","position":2,"name":"Impresszum"}]},{"@type":"WebSite","@id":"https:\/\/www.wowcontentproduction.com\/#website","url":"https:\/\/www.wowcontentproduction.com\/","name":"Produktion von Wow-Inhalten","description":"Film, Medien, Marketing","publisher":{"@id":"https:\/\/www.wowcontentproduction.com\/#organization"},"potentialAction":[{"@type":"SearchAction","target":{"@type":"EntryPoint","urlTemplate":"https:\/\/www.wowcontentproduction.com\/?s={search_term_string}"},"query-input":{"@type":"PropertyValueSpecification","valueRequired":true,"valueName":"search_term_string"}}],"inLanguage":"de-AT"},{"@type":"Organization","@id":"https:\/\/www.wowcontentproduction.com\/#organization","name":"Produktion von Wow-Inhalten","url":"https:\/\/www.wowcontentproduction.com\/","logo":{"@type":"ImageObject","inLanguage":"de-AT","@id":"https:\/\/www.wowcontentproduction.com\/#\/schema\/logo\/image\/","url":"https:\/\/www.wowcontentproduction.com\/wp-content\/uploads\/2022\/09\/base_logo_transparent_background.png","contentUrl":"https:\/\/www.wowcontentproduction.com\/wp-content\/uploads\/2022\/09\/base_logo_transparent_background.png","width":3125,"height":1875,"caption":"Wow Content Production"},"image":{"@id":"https:\/\/www.wowcontentproduction.com\/#\/schema\/logo\/image\/"}}]}},"_links":{"self":[{"href":"https:\/\/www.wowcontentproduction.com\/at\/wp-json\/wp\/v2\/pages\/2622","targetHints":{"allow":["GET"]}}],"collection":[{"href":"https:\/\/www.wowcontentproduction.com\/at\/wp-json\/wp\/v2\/pages"}],"about":[{"href":"https:\/\/www.wowcontentproduction.com\/at\/wp-json\/wp\/v2\/types\/page"}],"author":[{"embeddable":true,"href":"https:\/\/www.wowcontentproduction.com\/at\/wp-json\/wp\/v2\/users\/1"}],"replies":[{"embeddable":true,"href":"https:\/\/www.wowcontentproduction.com\/at\/wp-json\/wp\/v2\/comments?post=2622"}],"version-history":[{"count":10,"href":"https:\/\/www.wowcontentproduction.com\/at\/wp-json\/wp\/v2\/pages\/2622\/revisions"}],"predecessor-version":[{"id":9316,"href":"https:\/\/www.wowcontentproduction.com\/at\/wp-json\/wp\/v2\/pages\/2622\/revisions\/9316"}],"wp:attachment":[{"href":"https:\/\/www.wowcontentproduction.com\/at\/wp-json\/wp\/v2\/media?parent=2622"}],"curies":[{"name":"wp","href":"https:\/\/api.w.org\/{rel}","templated":true}]}}