{"id":2597,"date":"2022-10-11T15:42:05","date_gmt":"2022-10-11T15:42:05","guid":{"rendered":"https:\/\/www.wowcontentproduction.com\/?page_id=2597"},"modified":"2023-10-17T15:00:11","modified_gmt":"2023-10-17T15:00:11","slug":"cookie","status":"publish","type":"page","link":"https:\/\/www.wowcontentproduction.com\/at\/cookie\/","title":{"rendered":"Keks"},"content":{"rendered":"<div data-elementor-type=\"wp-page\" data-elementor-id=\"2597\" class=\"elementor elementor-2597\" data-elementor-post-type=\"page\">\n\t\t\t\t\t\t<section class=\"elementor-section elementor-top-section elementor-element elementor-element-545c538 elementor-section-full_width elementor-section-height-default elementor-section-height-default\" data-id=\"545c538\" data-element_type=\"section\">\n\t\t\t\t\t\t<div class=\"elementor-container elementor-column-gap-no\">\n\t\t\t\t\t<div class=\"elementor-column elementor-col-100 elementor-top-column elementor-element elementor-element-64af59a\" data-id=\"64af59a\" data-element_type=\"column\">\n\t\t\t<div class=\"elementor-widget-wrap\">\n\t\t\t\t\t\t\t<\/div>\n\t\t<\/div>\n\t\t\t\t\t<\/div>\n\t\t<\/section>\n\t\t\t\t<section class=\"elementor-section elementor-top-section elementor-element elementor-element-b36ad72 elementor-section-boxed elementor-section-height-default elementor-section-height-default\" data-id=\"b36ad72\" data-element_type=\"section\">\n\t\t\t\t\t\t<div class=\"elementor-container elementor-column-gap-default\">\n\t\t\t\t\t<div class=\"elementor-column elementor-col-100 elementor-top-column elementor-element elementor-element-adccd18\" data-id=\"adccd18\" data-element_type=\"column\">\n\t\t\t<div class=\"elementor-widget-wrap elementor-element-populated\">\n\t\t\t\t\t\t<div class=\"elementor-element elementor-element-d23a3b8 elementor-widget elementor-widget-spacer\" data-id=\"d23a3b8\" data-element_type=\"widget\" data-widget_type=\"spacer.default\">\n\t\t\t\t<div class=\"elementor-widget-container\">\n\t\t\t\t\t\t\t<div class=\"elementor-spacer\">\n\t\t\t<div class=\"elementor-spacer-inner\"><\/div>\n\t\t<\/div>\n\t\t\t\t\t\t<\/div>\n\t\t\t\t<\/div>\n\t\t\t\t<div class=\"elementor-element elementor-element-d6185f4 elementor-widget elementor-widget-heading\" data-id=\"d6185f4\" data-element_type=\"widget\" data-widget_type=\"heading.default\">\n\t\t\t\t<div class=\"elementor-widget-container\">\n\t\t\t\t\t<h2 class=\"elementor-heading-title elementor-size-default\">Cookie-Informationen<\/h2>\t\t\t\t<\/div>\n\t\t\t\t<\/div>\n\t\t\t\t<div class=\"elementor-element elementor-element-dae0d71 elementor-widget elementor-widget-spacer\" data-id=\"dae0d71\" data-element_type=\"widget\" data-widget_type=\"spacer.default\">\n\t\t\t\t<div class=\"elementor-widget-container\">\n\t\t\t\t\t\t\t<div class=\"elementor-spacer\">\n\t\t\t<div class=\"elementor-spacer-inner\"><\/div>\n\t\t<\/div>\n\t\t\t\t\t\t<\/div>\n\t\t\t\t<\/div>\n\t\t\t\t<div class=\"elementor-element elementor-element-89244a1 elementor-widget elementor-widget-text-editor\" data-id=\"89244a1\" data-element_type=\"widget\" data-widget_type=\"text-editor.default\">\n\t\t\t\t<div class=\"elementor-widget-container\">\n\t\t\t\t\t\t\t\t\t<p style=\"font-weight: 400;\">Was ist ein Cookie und wie kann ich die Einstellungen \u00e4ndern?<\/p><p style=\"font-weight: 400;\">Die vom Cookie gesendeten Informationen helfen den Internet-Browsern, Sie leichter zu erkennen, so dass die Nutzer relevante und \"personalisierte\" Inhalte erhalten. Cookies machen das Surfen bequemer. Cookies erm\u00f6glichen es den Betreibern von Websites auch, anonyme Statistiken \u00fcber die Gewohnheiten der Besucher ihrer Websites zu erstellen. Sie k\u00f6nnen von Website-Redakteuren verwendet werden, um das Erscheinungsbild der Website und ihren Inhalt weiter zu personalisieren.<\/p><p style=\"font-weight: 400;\">Die meisten Internet-Browser akzeptieren Cookies standardm\u00e4\u00dfig. Wenn Sie es vorziehen, k\u00f6nnen Sie Ihren Browser so einstellen, dass er Cookies ablehnt oder Sie warnt, dass Cookies an Ihren Computer gesendet wurden. Unsere Website verwendet solche Cookies, um bestimmte Funktionen bereitzustellen oder aus Gr\u00fcnden der Bequemlichkeit. Die von uns verwendeten Cookies \u00fcberlasten, verlangsamen oder sch\u00e4digen Ihren Computer nicht.<\/p><p style=\"font-weight: 400;\">Weitere Informationen zum \u00c4ndern Ihrer Browsereinstellungen finden Sie in der Anleitung oder Hilfe Ihres Browsers. Klicken Sie auf die nachstehenden Links, um sich \u00fcber die Cookie-Einstellungen f\u00fcr die g\u00e4ngigsten Browser zu informieren:<\/p><p style=\"font-weight: 400;\"><a href=\"https:\/\/support.google.com\/accounts\/answer\/61416?hl=hu\">Google Chrome<\/a><\/p><p style=\"font-weight: 400;\"><a href=\"http:\/\/support.apple.com\/kb\/index?page=search&amp;q=cookies%20safari\">Safari<\/a><\/p><p style=\"font-weight: 400;\"><a href=\"http:\/\/windows.microsoft.com\/hu-hu\/windows-10\/edge-privacy-faq\">Microsoft Edge<\/a><\/p><p style=\"font-weight: 400;\"><a href=\"http:\/\/windows.microsoft.com\/hu-hu\/internet-explorer\/delete-manage-cookies#ie=ie-11\">Microsoft Internet Explorer 11<\/a><\/p><p style=\"font-weight: 400;\"><a href=\"https:\/\/support.mozilla.org\/hu\/kb\/S%C3%BCtik%20kezel%C3%A9se\">Firefox<\/a><\/p><p style=\"font-weight: 400;\">Welchem Cookie (Keks) begegnen Sie?<\/p><p style=\"font-weight: 400;\">Tempor\u00e4re Cookies, die auf Ihrem Ger\u00e4t verbleiben, bis Sie die Website verlassen.<\/p><p style=\"font-weight: 400;\">Dauerhafte Cookies, die je nach den Einstellungen Ihres Webbrowsers \u00fcber einen l\u00e4ngeren Zeitraum oder bis zu ihrer L\u00f6schung auf Ihrem Ger\u00e4t verbleiben k\u00f6nnen.<\/p><p style=\"font-weight: 400;\">Drittanbieter-Cookies, die von einem Dritten (z. B. Google Analytics) auf Ihrem Browser platziert werden, wenn die von Ihnen besuchte Website die von dem Dritten bereitgestellten Dienste nutzt.<\/p><p style=\"font-weight: 400;\">Wesentliche Session-ID-Cookies (Cookies):<\/p><p style=\"font-weight: 400;\">Ihre Verwendung ist f\u00fcr die Navigation auf der Website und f\u00fcr die Funktionalit\u00e4t der Website unerl\u00e4sslich. Ohne ihre Zustimmung werden die Website oder Teile davon m\u00f6glicherweise nicht oder nicht korrekt angezeigt.<\/p><p style=\"font-weight: 400;\">Analytische oder leistungsbezogene Cookies (Cookies):<\/p><p style=\"font-weight: 400;\">Diese helfen uns, die Besucher der Website zu unterscheiden und Daten dar\u00fcber zu sammeln, wie sich die Besucher auf der Website verhalten. Diese \"Cookies\" werden z. B. verwendet, um sicherzustellen, dass sich die Website merkt, wann Sie sich anmelden, wenn Sie sie aufrufen. Es werden keine Informationen gesammelt, die Sie identifizieren k\u00f6nnen, die Daten werden aggregiert und anonym gespeichert (z.B. Google Analytics).<\/p><p style=\"font-weight: 400;\">Funktionale Cookies (Cookies):<\/p><p style=\"font-weight: 400;\">Diese Cookies werden verwendet, um die Benutzerfreundlichkeit zu verbessern. Sie erkennen und speichern z. B. das Ger\u00e4t, mit dem Sie auf die Website zugreifen, oder Informationen, die Sie zuvor angegeben und deren Speicherung Sie beantragt haben, wie z. B. automatische Anmeldungen, Ihre Wahl der Sprache, der Textgr\u00f6\u00dfe, der Schriftart oder anderer anpassbarer Elemente der Website. Diese \"Cookies\" verfolgen nicht Ihre Aktivit\u00e4ten auf anderen Websites. Die gesammelten Informationen k\u00f6nnen jedoch personenbezogene Daten enthalten, die Sie mitgeteilt haben.<\/p><p style=\"font-weight: 400;\">Gezielte oder Werbe-Cookies (Cookies):<\/p><p style=\"font-weight: 400;\">Diese helfen Websites, Informationen (Marketing) zu liefern, die Ihren Interessen am ehesten entsprechen. Dazu ist Ihre ausdr\u00fcckliche Zustimmung erforderlich. Diese Cookies sammeln detaillierte Informationen \u00fcber Ihre Surfgewohnheiten.<\/p><p style=\"font-weight: 400;\">Enthalten Cookies personenbezogene Daten?<\/p><p style=\"font-weight: 400;\">Die meisten \"Cookies\" enthalten keine pers\u00f6nlichen Informationen und identifizieren die Nutzer nicht. Die gespeicherten Informationen sind f\u00fcr die Bequemlichkeit des Browsens notwendig und werden so gespeichert, dass ein unbefugter Zugriff nicht m\u00f6glich ist.<\/p><p style=\"font-weight: 400;\">Warum sind Cookies im Internet wichtig?<\/p><p style=\"font-weight: 400;\">Die Rolle der Cookies besteht darin, das Surfen f\u00fcr die Nutzer bequemer zu machen, da sie den Browserverlauf nutzen, um die Werbung und die Inhalte f\u00fcr die Nutzer einzustellen. Die Deaktivierung oder Einschr\u00e4nkung von \"Cookies\" macht einige Websites unbrauchbar. Die Deaktivierung oder Einschr\u00e4nkung von \"Cookies\" bedeutet jedoch nicht, dass die Nutzer keine Werbung sehen, sondern dass die angezeigten Anzeigen und Inhalte nicht \"personalisiert\" sind, d. h. nicht auf die Bed\u00fcrfnisse und Interessen des Nutzers zugeschnitten. Einige Beispiele f\u00fcr die Verwendung von \"Cookies\":<\/p><p style=\"font-weight: 400;\">- Anzeige von Inhalten, Dienstleistungen und Produkten, die auf die Bed\u00fcrfnisse des Nutzers zugeschnitten sind.<\/p><p style=\"font-weight: 400;\">- Auf die Interessen des Nutzers zugeschnittene Angebote.<\/p><p style=\"font-weight: 400;\">- F\u00fcr den Fall, dass Sie einen Login-Kommentar angefordert haben (eingeloggt bleiben).<\/p><p style=\"font-weight: 400;\">- Anmerkungen zur elterlichen Kontrolle von Internetinhalten (Familienmodusoptionen, sichere Suchfunktionen).<\/p><p style=\"font-weight: 400;\">- Begrenzung der H\u00e4ufigkeit der Werbung, d. h. Begrenzung der Anzahl der Anzeigen, die einem Nutzer auf einer Website angezeigt werden k\u00f6nnen.<\/p><p style=\"font-weight: 400;\">- Anzeigen, die f\u00fcr den Nutzer relevant sind, werden angezeigt.<\/p><p style=\"font-weight: 400;\">- Geotargeting<\/p><p style=\"font-weight: 400;\">Faktoren im Zusammenhang mit der Sicherheit und der Datensicherheit.<\/p><p style=\"font-weight: 400;\">Cookies sind keine Viren oder Spionageprogramme. Da es sich um reine Textdateien handelt, k\u00f6nnen sie nicht ausgef\u00fchrt werden und gelten daher nicht als Programme.<\/p><p style=\"font-weight: 400;\">\u00a0<\/p>\t\t\t\t\t\t\t\t<\/div>\n\t\t\t\t<\/div>\n\t\t\t\t\t<\/div>\n\t\t<\/div>\n\t\t\t\t\t<\/div>\n\t\t<\/section>\n\t\t\t\t<\/div>","protected":false},"excerpt":{"rendered":"<p>Cookie-Informationen Was ist ein Cookie und wie kann ich die Einstellungen \u00e4ndern? Die von einem Cookie gesendeten Informationen erleichtern es den Internet-Browsern, Sie zu erkennen, so dass die Nutzer relevante und \"personalisierte\" Inhalte erhalten. Cookies machen das Surfen bequemer. Au\u00dferdem erm\u00f6glichen Cookies den Betreibern von Websites, anonyme Statistiken \u00fcber die Gewohnheiten der Besucher ihrer Websites zu erstellen. [...]<\/p>","protected":false},"author":1,"featured_media":0,"parent":0,"menu_order":0,"comment_status":"closed","ping_status":"closed","template":"elementor_header_footer","meta":{"site-sidebar-layout":"no-sidebar","site-content-layout":"page-builder","ast-site-content-layout":"","site-content-style":"default","site-sidebar-style":"default","ast-global-header-display":"disabled","ast-banner-title-visibility":"","ast-main-header-display":"","ast-hfb-above-header-display":"","ast-hfb-below-header-display":"","ast-hfb-mobile-header-display":"","site-post-title":"disabled","ast-breadcrumbs-content":"","ast-featured-img":"disabled","footer-sml-layout":"disabled","theme-transparent-header-meta":"","adv-header-id-meta":"","stick-header-meta":"","header-above-stick-meta":"","header-main-stick-meta":"","header-below-stick-meta":"","astra-migrate-meta-layouts":"default","ast-page-background-enabled":"default","ast-page-background-meta":{"desktop":{"background-color":"var(--ast-global-color-4)","background-image":"","background-repeat":"repeat","background-position":"center center","background-size":"auto","background-attachment":"scroll","background-type":"","background-media":"","overlay-type":"","overlay-color":"","overlay-opacity":"","overlay-gradient":""},"tablet":{"background-color":"","background-image":"","background-repeat":"repeat","background-position":"center center","background-size":"auto","background-attachment":"scroll","background-type":"","background-media":"","overlay-type":"","overlay-color":"","overlay-opacity":"","overlay-gradient":""},"mobile":{"background-color":"","background-image":"","background-repeat":"repeat","background-position":"center center","background-size":"auto","background-attachment":"scroll","background-type":"","background-media":"","overlay-type":"","overlay-color":"","overlay-opacity":"","overlay-gradient":""}},"ast-content-background-meta":{"desktop":{"background-color":"var(--ast-global-color-5)","background-image":"","background-repeat":"repeat","background-position":"center center","background-size":"auto","background-attachment":"scroll","background-type":"","background-media":"","overlay-type":"","overlay-color":"","overlay-opacity":"","overlay-gradient":""},"tablet":{"background-color":"var(--ast-global-color-5)","background-image":"","background-repeat":"repeat","background-position":"center center","background-size":"auto","background-attachment":"scroll","background-type":"","background-media":"","overlay-type":"","overlay-color":"","overlay-opacity":"","overlay-gradient":""},"mobile":{"background-color":"var(--ast-global-color-5)","background-image":"","background-repeat":"repeat","background-position":"center center","background-size":"auto","background-attachment":"scroll","background-type":"","background-media":"","overlay-type":"","overlay-color":"","overlay-opacity":"","overlay-gradient":""}},"footnotes":""},"class_list":["post-2597","page","type-page","status-publish","hentry"],"yoast_head":"<!-- This site is optimized with the Yoast SEO Premium plugin v26.2 (Yoast SEO v26.3) - https:\/\/yoast.com\/wordpress\/plugins\/seo\/ -->\n<title>Cookie | Wow Content Production<\/title>\n<meta name=\"description\" content=\"Cookie t\u00e1j\u00e9koztat\u00f3 | WOW Content Production\" \/>\n<meta name=\"robots\" content=\"noindex, nofollow\" \/>\n<meta property=\"og:locale\" content=\"de_DE\" \/>\n<meta property=\"og:type\" content=\"article\" \/>\n<meta property=\"og:title\" content=\"Cookie\" \/>\n<meta property=\"og:description\" content=\"Cookie t\u00e1j\u00e9koztat\u00f3 | WOW Content Production\" \/>\n<meta property=\"og:url\" content=\"https:\/\/www.wowcontentproduction.com\/at\/cookie\/\" \/>\n<meta property=\"og:site_name\" content=\"Wow Content Production\" \/>\n<meta property=\"article:modified_time\" content=\"2023-10-17T15:00:11+00:00\" \/>\n<meta name=\"twitter:card\" content=\"summary_large_image\" \/>\n<meta name=\"twitter:label1\" content=\"Gesch\u00e4tzte Lesezeit\" \/>\n\t<meta name=\"twitter:data1\" content=\"4 Minuten\" \/>\n<script type=\"application\/ld+json\" class=\"yoast-schema-graph\">{\"@context\":\"https:\/\/schema.org\",\"@graph\":[{\"@type\":\"WebPage\",\"@id\":\"https:\/\/www.wowcontentproduction.com\/cookie\/\",\"url\":\"https:\/\/www.wowcontentproduction.com\/cookie\/\",\"name\":\"Cookie | Wow Content Production\",\"isPartOf\":{\"@id\":\"https:\/\/www.wowcontentproduction.com\/#website\"},\"datePublished\":\"2022-10-11T15:42:05+00:00\",\"dateModified\":\"2023-10-17T15:00:11+00:00\",\"description\":\"Cookie t\u00e1j\u00e9koztat\u00f3 | WOW Content Production\",\"breadcrumb\":{\"@id\":\"https:\/\/www.wowcontentproduction.com\/cookie\/#breadcrumb\"},\"inLanguage\":\"de-AT\",\"potentialAction\":[{\"@type\":\"ReadAction\",\"target\":[\"https:\/\/www.wowcontentproduction.com\/cookie\/\"]}]},{\"@type\":\"BreadcrumbList\",\"@id\":\"https:\/\/www.wowcontentproduction.com\/cookie\/#breadcrumb\",\"itemListElement\":[{\"@type\":\"ListItem\",\"position\":1,\"name\":\"Home\",\"item\":\"https:\/\/www.wowcontentproduction.com\/\"},{\"@type\":\"ListItem\",\"position\":2,\"name\":\"Cookie\"}]},{\"@type\":\"WebSite\",\"@id\":\"https:\/\/www.wowcontentproduction.com\/#website\",\"url\":\"https:\/\/www.wowcontentproduction.com\/\",\"name\":\"Wow Content Production\",\"description\":\"Film, Media, Marketing\",\"publisher\":{\"@id\":\"https:\/\/www.wowcontentproduction.com\/#organization\"},\"potentialAction\":[{\"@type\":\"SearchAction\",\"target\":{\"@type\":\"EntryPoint\",\"urlTemplate\":\"https:\/\/www.wowcontentproduction.com\/?s={search_term_string}\"},\"query-input\":{\"@type\":\"PropertyValueSpecification\",\"valueRequired\":true,\"valueName\":\"search_term_string\"}}],\"inLanguage\":\"de-AT\"},{\"@type\":\"Organization\",\"@id\":\"https:\/\/www.wowcontentproduction.com\/#organization\",\"name\":\"Wow Content Production\",\"url\":\"https:\/\/www.wowcontentproduction.com\/\",\"logo\":{\"@type\":\"ImageObject\",\"inLanguage\":\"de-AT\",\"@id\":\"https:\/\/www.wowcontentproduction.com\/#\/schema\/logo\/image\/\",\"url\":\"https:\/\/www.wowcontentproduction.com\/wp-content\/uploads\/2022\/09\/base_logo_transparent_background.png\",\"contentUrl\":\"https:\/\/www.wowcontentproduction.com\/wp-content\/uploads\/2022\/09\/base_logo_transparent_background.png\",\"width\":3125,\"height\":1875,\"caption\":\"Wow Content Production\"},\"image\":{\"@id\":\"https:\/\/www.wowcontentproduction.com\/#\/schema\/logo\/image\/\"}}]}<\/script>\n<!-- \/ Yoast SEO Premium plugin. -->","yoast_head_json":{"title":"Cookie | Wow Content Produktion","description":"Cookie-Hinweis | WOW Content Production","robots":{"index":"noindex","follow":"nofollow"},"og_locale":"de_DE","og_type":"article","og_title":"Cookie","og_description":"Cookie t\u00e1j\u00e9koztat\u00f3 | WOW Content Production","og_url":"https:\/\/www.wowcontentproduction.com\/at\/cookie\/","og_site_name":"Wow Content Production","article_modified_time":"2023-10-17T15:00:11+00:00","twitter_card":"summary_large_image","twitter_misc":{"Gesch\u00e4tzte Lesezeit":"4 Minuten"},"schema":{"@context":"https:\/\/schema.org","@graph":[{"@type":"WebPage","@id":"https:\/\/www.wowcontentproduction.com\/cookie\/","url":"https:\/\/www.wowcontentproduction.com\/cookie\/","name":"Cookie | Wow Content Produktion","isPartOf":{"@id":"https:\/\/www.wowcontentproduction.com\/#website"},"datePublished":"2022-10-11T15:42:05+00:00","dateModified":"2023-10-17T15:00:11+00:00","description":"Cookie-Hinweis | WOW Content Production","breadcrumb":{"@id":"https:\/\/www.wowcontentproduction.com\/cookie\/#breadcrumb"},"inLanguage":"de-AT","potentialAction":[{"@type":"ReadAction","target":["https:\/\/www.wowcontentproduction.com\/cookie\/"]}]},{"@type":"BreadcrumbList","@id":"https:\/\/www.wowcontentproduction.com\/cookie\/#breadcrumb","itemListElement":[{"@type":"ListItem","position":1,"name":"Home","item":"https:\/\/www.wowcontentproduction.com\/"},{"@type":"ListItem","position":2,"name":"Cookie"}]},{"@type":"WebSite","@id":"https:\/\/www.wowcontentproduction.com\/#website","url":"https:\/\/www.wowcontentproduction.com\/","name":"Produktion von Wow-Inhalten","description":"Film, Medien, Marketing","publisher":{"@id":"https:\/\/www.wowcontentproduction.com\/#organization"},"potentialAction":[{"@type":"SearchAction","target":{"@type":"EntryPoint","urlTemplate":"https:\/\/www.wowcontentproduction.com\/?s={search_term_string}"},"query-input":{"@type":"PropertyValueSpecification","valueRequired":true,"valueName":"search_term_string"}}],"inLanguage":"de-AT"},{"@type":"Organization","@id":"https:\/\/www.wowcontentproduction.com\/#organization","name":"Produktion von Wow-Inhalten","url":"https:\/\/www.wowcontentproduction.com\/","logo":{"@type":"ImageObject","inLanguage":"de-AT","@id":"https:\/\/www.wowcontentproduction.com\/#\/schema\/logo\/image\/","url":"https:\/\/www.wowcontentproduction.com\/wp-content\/uploads\/2022\/09\/base_logo_transparent_background.png","contentUrl":"https:\/\/www.wowcontentproduction.com\/wp-content\/uploads\/2022\/09\/base_logo_transparent_background.png","width":3125,"height":1875,"caption":"Wow Content Production"},"image":{"@id":"https:\/\/www.wowcontentproduction.com\/#\/schema\/logo\/image\/"}}]}},"_links":{"self":[{"href":"https:\/\/www.wowcontentproduction.com\/at\/wp-json\/wp\/v2\/pages\/2597","targetHints":{"allow":["GET"]}}],"collection":[{"href":"https:\/\/www.wowcontentproduction.com\/at\/wp-json\/wp\/v2\/pages"}],"about":[{"href":"https:\/\/www.wowcontentproduction.com\/at\/wp-json\/wp\/v2\/types\/page"}],"author":[{"embeddable":true,"href":"https:\/\/www.wowcontentproduction.com\/at\/wp-json\/wp\/v2\/users\/1"}],"replies":[{"embeddable":true,"href":"https:\/\/www.wowcontentproduction.com\/at\/wp-json\/wp\/v2\/comments?post=2597"}],"version-history":[{"count":11,"href":"https:\/\/www.wowcontentproduction.com\/at\/wp-json\/wp\/v2\/pages\/2597\/revisions"}],"predecessor-version":[{"id":9312,"href":"https:\/\/www.wowcontentproduction.com\/at\/wp-json\/wp\/v2\/pages\/2597\/revisions\/9312"}],"wp:attachment":[{"href":"https:\/\/www.wowcontentproduction.com\/at\/wp-json\/wp\/v2\/media?parent=2597"}],"curies":[{"name":"wp","href":"https:\/\/api.w.org\/{rel}","templated":true}]}}